{"id":18735,"date":"2024-04-05T17:18:34","date_gmt":"2024-04-05T17:18:34","guid":{"rendered":"https:\/\/danielbota.com.br\/portfolio\/?post_type=product&#038;p=18735"},"modified":"2024-11-29T13:09:38","modified_gmt":"2024-11-29T13:09:38","slug":"cruz-pascoa","status":"publish","type":"product","link":"https:\/\/danielbota.com.br\/portfolio\/loja\/cruz-pascoa\/","title":{"rendered":"Cruz &#8211; P\u00e1scoa"},"content":{"rendered":"\t\t<div data-elementor-type=\"product-post\" data-elementor-id=\"18735\" class=\"elementor elementor-18735\" data-elementor-post-type=\"product\">\n\t\t\t\t\t\t<section class=\"elementor-section elementor-top-section elementor-element elementor-element-1d58544 elementor-section-boxed elementor-section-height-default elementor-section-height-default\" data-id=\"1d58544\" data-element_type=\"section\" data-e-type=\"section\">\n\t\t\t\t\t\t<div class=\"elementor-container elementor-column-gap-default\">\n\t\t\t\t\t<div class=\"elementor-column elementor-col-100 elementor-top-column elementor-element elementor-element-508e9bb3\" data-id=\"508e9bb3\" data-element_type=\"column\" data-e-type=\"column\">\n\t\t\t<div class=\"elementor-widget-wrap elementor-element-populated\">\n\t\t\t\t\t\t<div class=\"elementor-element elementor-element-3405fa63 elementor-widget elementor-widget-text-editor\" data-id=\"3405fa63\" data-element_type=\"widget\" data-e-type=\"widget\" data-widget_type=\"text-editor.default\">\n\t\t\t\t<div class=\"elementor-widget-container\">\n\t\t\t\t\t\t\t\t\t<p style=\"font-family: Roboto, Poppins; background-color: #ffffff;\"><span style=\"color: var( --e-global-color-text ); font-weight: var( --e-global-typography-text-font-weight ); font-size: 1rem;\">Reprodu\u00e7\u00e3o da\u00a0<\/span><span style=\"color: var( --e-global-color-text ); font-weight: var( --e-global-typography-text-font-weight ); font-size: 1rem;\">Pintura\u00a0<\/span><span style=\"color: var( --e-global-color-text ); font-weight: var( --e-global-typography-text-font-weight ); font-size: 1rem;\">feita ao Vivo (<i>Live-Paint<\/i> &#8211;\u00a0<\/span><span style=\"color: var( --e-global-color-text ); font-weight: var( --e-global-typography-text-font-weight ); font-size: 1rem;\">90x160cm &#8211; Acr\u00edlico<\/span><span style=\"color: var( --e-global-color-text ); font-weight: var( --e-global-typography-text-font-weight ); font-size: 1rem;\">) na 3.a Celebra\u00e7\u00e3o de P\u00e1scoa da Igreja Batista de \u00c1gua Branca em S\u00e3o Paulo (IBAB) \u00e0s 18h, no dia 31 de mar\u00e7o de 2024.\u00a0<\/span><span style=\"color: var( --e-global-color-text ); font-weight: var( --e-global-typography-text-font-weight ); font-size: 1rem;\">Ao som de &#8220;Pelo Sangue&#8221; interpretada por @rayaneafagundes . Dire\u00e7\u00e3o musical de @marsenaoficial.<\/span><\/p><p style=\"font-family: Roboto, Poppins; background-color: #ffffff;\">Essa obra retrata a cruz de Cristo. O maior s\u00edmbolo do cristianismo&#8230; daquele que se derramou em amor.<\/p><p>A\u00a0<span style=\"font-weight: bold;\">Impress\u00e3o \u201cFine Art\u201d\u00a0<\/span>\u00e9 o processo de transferir fotografias de pinturas ou arte digitais para pap\u00e9is e outras m\u00eddias de alt\u00edssima qualidade. Esse processo, mundialmente reconhecido, requer um gerenciamento rigoroso dos equipamentos e dos insumos utilizados, al\u00e9m de aten\u00e7\u00e3o de cuidados especializados. Al\u00e9m disso, ainda h\u00e1 a preocupa\u00e7\u00e3o com a durabilidade das impress\u00f5es, pois se a obra de arte se deteriorar rapidamente, perder\u00e1 seus aspectos originais.\u00a0<\/p><p>As impress\u00f5es da\u00a0<span style=\"font-weight: bold;\">Galeria de Arte Daniel Bota<\/span>\u00a0s\u00e3o de qualidade museol\u00f3gica, com fidelidade de 100% nas cores, livres de acidez (n\u00e3o amarelam), al\u00e9m de preservarem suas caracter\u00edsticas por d\u00e9cadas. O papel usado \u00e9 o \u201cRag Photographique\u201d 310gsm da Canson. Trata-se de um papel branco 100% algod\u00e3o, espec\u00edfico para Belas Artes. A excepcional tonalidade branca e lisa \u00e9 alcan\u00e7ada atrav\u00e9s da introdu\u00e7\u00e3o de minerais naturais durante a sua manufatura. Ele foi desenvolvido para atender a demanda de requisitos de longevidade cont\u00ednua do mercado Digital Fine Art. \u201cRag Photographique\u201d oferece uma superf\u00edcie extra-lisa \u00fanica com um toque suave. Tamb\u00e9m oferece um dos mais altos Dmax alcan\u00e7\u00e1veis atualmente dispon\u00edvel no mercado, tornando-o ideal para fotografia belas artes assim como para Impress\u00e3o belas artes.<\/p><p><span style=\"font-weight: bold; color: var( --e-global-color-text ); letter-spacing: var(--bodyletterspacing); text-transform: var(--bodytexttransform); background-color: var(--nv-site-bg);\">Caracter\u00edsticas e Benef\u00edcios do Produto<\/span><\/p><ul><li><span style=\"color: var( --e-global-color-text ); font-family: var( --e-global-typography-text-font-family ), Sans-serif; font-weight: var( --e-global-typography-text-font-weight ); background-color: var(--nv-site-bg); font-size: var(--bodyfontsize); letter-spacing: var(--bodyletterspacing); text-transform: var(--bodytexttransform);\">100% algod\u00e3o;<\/span><\/li><li>Compat\u00edvel com tintas pigmentadas \u00e0 base de \u00e1gua;<\/li><li>Seca instantaneamente;<\/li><li>Resistente a \u00e1gua;<\/li><li>Sem Agentes \u00d3tico Branqueadores para garantir a consist\u00eancia das sombras;<\/li><li>Desenvolvido para atender os requisitos de longevidade das galerias e museus e respeitar o padr\u00e3o IS0 9706;<\/li><li>Revestido internamente para resistir ao vazamento de g\u00e1s e maximizar a conserva\u00e7\u00e3o de suas impress\u00f5es;<\/li><li>Certifica\u00e7\u00e3o Ac\u00edd Free para evitar a degrada\u00e7\u00e3o do papel.(<\/li><\/ul>\t\t\t\t\t\t\t\t<\/div>\n\t\t\t\t<\/div>\n\t\t\t\t\t<\/div>\n\t\t<\/div>\n\t\t\t\t\t<\/div>\n\t\t<\/section>\n\t\t\t\t<\/div>\n\t\t","protected":false},"excerpt":{"rendered":"<ul>\n<li>Edi\u00e7\u00e3o Ilimitada<\/li>\n<li>Papel Canson \u201cRag Edition Etching\u201d 310gsm<\/li>\n<li>4 Cores<\/li>\n<li>margem de seguran\u00e7a branca em toda a borda ou refile (m\u00edn. 3mm)<\/li>\n<\/ul>\n","protected":false},"featured_media":18725,"comment_status":"open","ping_status":"closed","template":"","meta":[],"product_brand":[],"product_cat":[80],"product_tag":[137],"class_list":{"0":"post-18735","1":"product","2":"type-product","3":"status-publish","4":"has-post-thumbnail","6":"product_cat-prints","7":"product_tag-cristao","9":"first","10":"instock","11":"shipping-taxable","12":"purchasable","13":"product-type-variable"},"_links":{"self":[{"href":"https:\/\/danielbota.com.br\/portfolio\/wp-json\/wp\/v2\/product\/18735","targetHints":{"allow":["GET"]}}],"collection":[{"href":"https:\/\/danielbota.com.br\/portfolio\/wp-json\/wp\/v2\/product"}],"about":[{"href":"https:\/\/danielbota.com.br\/portfolio\/wp-json\/wp\/v2\/types\/product"}],"replies":[{"embeddable":true,"href":"https:\/\/danielbota.com.br\/portfolio\/wp-json\/wp\/v2\/comments?post=18735"}],"version-history":[{"count":8,"href":"https:\/\/danielbota.com.br\/portfolio\/wp-json\/wp\/v2\/product\/18735\/revisions"}],"predecessor-version":[{"id":18751,"href":"https:\/\/danielbota.com.br\/portfolio\/wp-json\/wp\/v2\/product\/18735\/revisions\/18751"}],"wp:featuredmedia":[{"embeddable":true,"href":"https:\/\/danielbota.com.br\/portfolio\/wp-json\/wp\/v2\/media\/18725"}],"wp:attachment":[{"href":"https:\/\/danielbota.com.br\/portfolio\/wp-json\/wp\/v2\/media?parent=18735"}],"wp:term":[{"taxonomy":"product_brand","embeddable":true,"href":"https:\/\/danielbota.com.br\/portfolio\/wp-json\/wp\/v2\/product_brand?post=18735"},{"taxonomy":"product_cat","embeddable":true,"href":"https:\/\/danielbota.com.br\/portfolio\/wp-json\/wp\/v2\/product_cat?post=18735"},{"taxonomy":"product_tag","embeddable":true,"href":"https:\/\/danielbota.com.br\/portfolio\/wp-json\/wp\/v2\/product_tag?post=18735"}],"curies":[{"name":"wp","href":"https:\/\/api.w.org\/{rel}","templated":true}]}}