{"id":18570,"date":"2024-03-13T13:41:49","date_gmt":"2024-03-13T13:41:49","guid":{"rendered":"https:\/\/danielbota.com.br\/portfolio\/?post_type=product&#038;p=18570"},"modified":"2024-11-29T13:11:40","modified_gmt":"2024-11-29T13:11:40","slug":"leao-ii-capa-biblia-verbo","status":"publish","type":"product","link":"https:\/\/danielbota.com.br\/portfolio\/loja\/leao-ii-capa-biblia-verbo\/","title":{"rendered":"Le\u00e3o II &#8211; CAPA B\u00cdBLIA VERBO"},"content":{"rendered":"\t\t<div data-elementor-type=\"product-post\" data-elementor-id=\"18570\" class=\"elementor elementor-18570\" data-elementor-post-type=\"product\">\n\t\t\t\t\t\t<section class=\"elementor-section elementor-top-section elementor-element elementor-element-1d58544 elementor-section-boxed elementor-section-height-default elementor-section-height-default\" data-id=\"1d58544\" data-element_type=\"section\" data-e-type=\"section\">\n\t\t\t\t\t\t<div class=\"elementor-container elementor-column-gap-default\">\n\t\t\t\t\t<div class=\"elementor-column elementor-col-100 elementor-top-column elementor-element elementor-element-508e9bb3\" data-id=\"508e9bb3\" data-element_type=\"column\" data-e-type=\"column\">\n\t\t\t<div class=\"elementor-widget-wrap elementor-element-populated\">\n\t\t\t\t\t\t<div class=\"elementor-element elementor-element-3405fa63 elementor-widget elementor-widget-text-editor\" data-id=\"3405fa63\" data-element_type=\"widget\" data-e-type=\"widget\" data-widget_type=\"text-editor.default\">\n\t\t\t\t<div class=\"elementor-widget-container\">\n\t\t\t\t\t\t\t\t\t<p style=\"font-family: Roboto, Poppins; background-color: rgb(255, 255, 255);\"><span style=\"color: var( --e-global-color-text ); font-weight: var( --e-global-typography-text-font-weight ); font-size: 1rem;\">Vers\u00e3o (fundo branco) da arte de uma das 4 Capas da B\u00edblia Verbo.<\/span><\/p>\n<p style=\"font-family: Roboto, Poppins; background-color: rgb(255, 255, 255);\">Cristo \u00e9 o Cordeiro de Deus que tira o pecado do mundo, mas tamb\u00e9m o Le\u00e3o da tribo de Jud\u00e1, que venceu a morte e o mal (Ao 5.5). Embora a figura do Le\u00e3o seja sin\u00f4nimo de for\u00e7a e poder, aqui a pintura enaltece o car\u00e1ter amoroso de quem cuida e protege os que pertencem \u00e0 sua fam\u00edlia. Na presen\u00e7a do Verbo, h\u00e1 seguran\u00e7a e serenidade. Pois &#8220;Quem teme o Senhor tem forte amparo, e isso \u00e9 ref\u00fagio para os seus filhos&#8221; (Prov\u00e9rbios 14.26).<br><\/p>\n<p>A&nbsp;<span style=\"font-weight: bold;\">Impress\u00e3o \u201cFine Art\u201d&nbsp;<\/span>\u00e9 o processo de transferir fotografias de pinturas ou arte digitais para pap\u00e9is e outras m\u00eddias de alt\u00edssima qualidade. Esse processo, mundialmente reconhecido, requer um gerenciamento rigoroso dos equipamentos e dos insumos utilizados, al\u00e9m de aten\u00e7\u00e3o de cuidados especializados. Al\u00e9m disso, ainda h\u00e1 a preocupa\u00e7\u00e3o com a durabilidade das impress\u00f5es, pois se a obra de arte se deteriorar rapidamente, perder\u00e1 seus aspectos originais.&nbsp;<\/p>\n<p>As impress\u00f5es da&nbsp;<span style=\"font-weight: bold;\">Galeria de Arte Daniel Bota<\/span>&nbsp;s\u00e3o de qualidade museol\u00f3gica, com fidelidade de 100% nas cores, livres de acidez (n\u00e3o amarelam), al\u00e9m de preservarem suas caracter\u00edsticas por d\u00e9cadas. O papel usado \u00e9 o \u201cRag Photographique\u201d 310gsm da Canson. Trata-se de um papel branco 100% algod\u00e3o, espec\u00edfico para Belas Artes. A excepcional tonalidade branca e lisa \u00e9 alcan\u00e7ada atrav\u00e9s da introdu\u00e7\u00e3o de minerais naturais durante a sua manufatura. Ele foi desenvolvido para atender a demanda de requisitos de longevidade cont\u00ednua do mercado Digital Fine Art. \u201cRag Photographique\u201d oferece uma superf\u00edcie extra-lisa \u00fanica com um toque suave. Tamb\u00e9m oferece um dos mais altos Dmax alcan\u00e7\u00e1veis atualmente dispon\u00edvel no mercado, tornando-o ideal para fotografia belas artes assim como para Impress\u00e3o belas artes.<\/p>\n<p><span style=\"font-weight: bold; color: var( --e-global-color-text ); letter-spacing: var(--bodyletterspacing); text-transform: var(--bodytexttransform); background-color: var(--nv-site-bg);\">Caracter\u00edsticas e Benef\u00edcios do Produto<\/span><\/p>\n<ul>\n<li><span style=\"color: var( --e-global-color-text ); font-family: var( --e-global-typography-text-font-family ), Sans-serif; font-weight: var( --e-global-typography-text-font-weight ); background-color: var(--nv-site-bg); font-size: var(--bodyfontsize); letter-spacing: var(--bodyletterspacing); text-transform: var(--bodytexttransform);\">100% algod\u00e3o;<\/span><\/li>\n<li>Compat\u00edvel com tintas pigmentadas \u00e0 base de \u00e1gua;<\/li>\n<li>Seca instantaneamente;<\/li>\n<li>Resistente a \u00e1gua;<\/li>\n<li>Sem Agentes \u00d3tico Branqueadores para garantir a consist\u00eancia das sombras;<\/li>\n<li>Desenvolvido para atender os requisitos de longevidade das galerias e museus e respeitar o padr\u00e3o IS0 9706;<\/li>\n<li>Revestido internamente para resistir ao vazamento de g\u00e1s e maximizar a conserva\u00e7\u00e3o de suas impress\u00f5es;<\/li>\n<li>Certifica\u00e7\u00e3o Ac\u00edd Free para evitar a degrada\u00e7\u00e3o do papel.<\/li>\n<\/ul>\t\t\t\t\t\t\t\t<\/div>\n\t\t\t\t<\/div>\n\t\t\t\t\t<\/div>\n\t\t<\/div>\n\t\t\t\t\t<\/div>\n\t\t<\/section>\n\t\t\t\t<\/div>\n\t\t","protected":false},"excerpt":{"rendered":"<ul>\n<li>Edi\u00e7\u00e3o Ilimitada<\/li>\n<li>Papel Canson \u201cRag Edition Etching\u201d 310gsm<\/li>\n<li>4 Cores<\/li>\n<li>margem de seguran\u00e7a branca em toda a borda ou refile (m\u00edn. 3mm)<\/li>\n<\/ul>\n","protected":false},"featured_media":18397,"comment_status":"open","ping_status":"closed","template":"","meta":[],"product_brand":[],"product_cat":[80],"product_tag":[137],"class_list":{"0":"post-18570","1":"product","2":"type-product","3":"status-publish","4":"has-post-thumbnail","6":"product_cat-prints","7":"product_tag-cristao","9":"first","10":"instock","11":"shipping-taxable","12":"purchasable","13":"product-type-variable"},"_links":{"self":[{"href":"https:\/\/danielbota.com.br\/portfolio\/wp-json\/wp\/v2\/product\/18570","targetHints":{"allow":["GET"]}}],"collection":[{"href":"https:\/\/danielbota.com.br\/portfolio\/wp-json\/wp\/v2\/product"}],"about":[{"href":"https:\/\/danielbota.com.br\/portfolio\/wp-json\/wp\/v2\/types\/product"}],"replies":[{"embeddable":true,"href":"https:\/\/danielbota.com.br\/portfolio\/wp-json\/wp\/v2\/comments?post=18570"}],"version-history":[{"count":14,"href":"https:\/\/danielbota.com.br\/portfolio\/wp-json\/wp\/v2\/product\/18570\/revisions"}],"predecessor-version":[{"id":19114,"href":"https:\/\/danielbota.com.br\/portfolio\/wp-json\/wp\/v2\/product\/18570\/revisions\/19114"}],"wp:featuredmedia":[{"embeddable":true,"href":"https:\/\/danielbota.com.br\/portfolio\/wp-json\/wp\/v2\/media\/18397"}],"wp:attachment":[{"href":"https:\/\/danielbota.com.br\/portfolio\/wp-json\/wp\/v2\/media?parent=18570"}],"wp:term":[{"taxonomy":"product_brand","embeddable":true,"href":"https:\/\/danielbota.com.br\/portfolio\/wp-json\/wp\/v2\/product_brand?post=18570"},{"taxonomy":"product_cat","embeddable":true,"href":"https:\/\/danielbota.com.br\/portfolio\/wp-json\/wp\/v2\/product_cat?post=18570"},{"taxonomy":"product_tag","embeddable":true,"href":"https:\/\/danielbota.com.br\/portfolio\/wp-json\/wp\/v2\/product_tag?post=18570"}],"curies":[{"name":"wp","href":"https:\/\/api.w.org\/{rel}","templated":true}]}}