{"id":14873,"date":"2023-08-16T18:53:35","date_gmt":"2023-08-16T18:53:35","guid":{"rendered":"https:\/\/danielbota.com.br\/portfolio\/?post_type=product&#038;p=14873"},"modified":"2024-11-29T12:56:37","modified_gmt":"2024-11-29T12:56:37","slug":"skate-leticia-bufoni","status":"publish","type":"product","link":"https:\/\/danielbota.com.br\/portfolio\/loja\/skate-leticia-bufoni\/","title":{"rendered":"Skate &#8211; Leticia Bufoni"},"content":{"rendered":"\t\t<div data-elementor-type=\"product-post\" data-elementor-id=\"14873\" class=\"elementor elementor-14873\" data-elementor-post-type=\"product\">\n\t\t\t\t\t\t<section class=\"elementor-section elementor-top-section elementor-element elementor-element-1d58544 elementor-section-boxed elementor-section-height-default elementor-section-height-default\" data-id=\"1d58544\" data-element_type=\"section\" data-e-type=\"section\">\n\t\t\t\t\t\t<div class=\"elementor-container elementor-column-gap-default\">\n\t\t\t\t\t<div class=\"elementor-column elementor-col-100 elementor-top-column elementor-element elementor-element-508e9bb3\" data-id=\"508e9bb3\" data-element_type=\"column\" data-e-type=\"column\">\n\t\t\t<div class=\"elementor-widget-wrap elementor-element-populated\">\n\t\t\t\t\t\t<div class=\"elementor-element elementor-element-3405fa63 elementor-widget elementor-widget-text-editor\" data-id=\"3405fa63\" data-element_type=\"widget\" data-e-type=\"widget\" data-widget_type=\"text-editor.default\">\n\t\t\t\t<div class=\"elementor-widget-container\">\n\t\t\t\t\t\t\t\t\t<p><span style=\"color: var( --e-global-color-text ); font-family: var( --e-global-typography-text-font-family ), Sans-serif; font-weight: var( --e-global-typography-text-font-weight ); background-color: var(--nv-site-bg); font-size: var(--bodyfontsize); letter-spacing: var(--bodyletterspacing); text-transform: var(--bodytexttransform);\">Homenagem para a atleta skatista Leticia Bufoni. A pintura foi destaque nas<\/span><span style=\"color: var( --e-global-color-text ); font-family: var( --e-global-typography-text-font-family ), Sans-serif; font-weight: var( --e-global-typography-text-font-weight ); font-size: var(--bodyfontsize); letter-spacing: var(--bodyletterspacing); text-transform: var(--bodytexttransform); background-color: var(--nv-site-bg);\">&nbsp;Sess\u00f5es de Revela\u00e7\u00f5es das famosas revistas de Aquarela: &#8220;The Art of Watercolor # 29&#8221; (Dez 2017) e&nbsp;<\/span><span style=\"color: var( --e-global-color-text ); font-family: var( --e-global-typography-text-font-family ), Sans-serif; font-weight: var( --e-global-typography-text-font-weight ); font-size: var(--bodyfontsize); letter-spacing: var(--bodyletterspacing); text-transform: var(--bodytexttransform); background-color: var(--nv-site-bg);\">&#8220;The Art of Watercolor # 29&#8221; (Dez 2017).<\/span><\/p>\t\t\t\t\t\t\t\t<\/div>\n\t\t\t\t<\/div>\n\t\t\t\t\t<\/div>\n\t\t<\/div>\n\t\t\t\t\t<\/div>\n\t\t<\/section>\n\t\t\t\t<\/div>\n\t\t","protected":false},"excerpt":{"rendered":"<ul>\n<li>Aquarela Original<\/li>\n<li>Certificado de Autenticidade<\/li>\n<\/ul>\n","protected":false},"featured_media":7421,"comment_status":"open","ping_status":"closed","template":"","meta":[],"product_brand":[],"product_cat":[78],"product_tag":[83,138],"class_list":{"0":"post-14873","1":"product","2":"type-product","3":"status-publish","4":"has-post-thumbnail","6":"product_cat-aquarelas","7":"product_tag-aquarela","8":"product_tag-esportes","10":"first","11":"instock","12":"shipping-taxable","13":"purchasable","14":"product-type-variable","15":"has-default-attributes"},"_links":{"self":[{"href":"https:\/\/danielbota.com.br\/portfolio\/wp-json\/wp\/v2\/product\/14873","targetHints":{"allow":["GET"]}}],"collection":[{"href":"https:\/\/danielbota.com.br\/portfolio\/wp-json\/wp\/v2\/product"}],"about":[{"href":"https:\/\/danielbota.com.br\/portfolio\/wp-json\/wp\/v2\/types\/product"}],"replies":[{"embeddable":true,"href":"https:\/\/danielbota.com.br\/portfolio\/wp-json\/wp\/v2\/comments?post=14873"}],"version-history":[{"count":19,"href":"https:\/\/danielbota.com.br\/portfolio\/wp-json\/wp\/v2\/product\/14873\/revisions"}],"predecessor-version":[{"id":19107,"href":"https:\/\/danielbota.com.br\/portfolio\/wp-json\/wp\/v2\/product\/14873\/revisions\/19107"}],"wp:featuredmedia":[{"embeddable":true,"href":"https:\/\/danielbota.com.br\/portfolio\/wp-json\/wp\/v2\/media\/7421"}],"wp:attachment":[{"href":"https:\/\/danielbota.com.br\/portfolio\/wp-json\/wp\/v2\/media?parent=14873"}],"wp:term":[{"taxonomy":"product_brand","embeddable":true,"href":"https:\/\/danielbota.com.br\/portfolio\/wp-json\/wp\/v2\/product_brand?post=14873"},{"taxonomy":"product_cat","embeddable":true,"href":"https:\/\/danielbota.com.br\/portfolio\/wp-json\/wp\/v2\/product_cat?post=14873"},{"taxonomy":"product_tag","embeddable":true,"href":"https:\/\/danielbota.com.br\/portfolio\/wp-json\/wp\/v2\/product_tag?post=14873"}],"curies":[{"name":"wp","href":"https:\/\/api.w.org\/{rel}","templated":true}]}}