{"id":548,"date":"2023-02-27T23:38:14","date_gmt":"2023-02-27T23:38:14","guid":{"rendered":"https:\/\/danielbota.com.br\/portfolio\/?page_id=548"},"modified":"2026-02-18T16:32:00","modified_gmt":"2026-02-18T16:32:00","slug":"bio","status":"publish","type":"page","link":"https:\/\/danielbota.com.br\/portfolio\/bio\/","title":{"rendered":"BIO"},"content":{"rendered":"\t\t<div data-elementor-type=\"wp-page\" data-elementor-id=\"548\" class=\"elementor elementor-548\" data-elementor-post-type=\"page\">\n\t\t\t\t\t\t<section class=\"elementor-section elementor-top-section elementor-element elementor-element-183bdea elementor-section-boxed elementor-section-height-default elementor-section-height-default\" data-id=\"183bdea\" data-element_type=\"section\" data-e-type=\"section\">\n\t\t\t\t\t\t<div class=\"elementor-container elementor-column-gap-default\">\n\t\t\t\t\t<div class=\"elementor-column elementor-col-100 elementor-top-column elementor-element elementor-element-0742b57\" data-id=\"0742b57\" data-element_type=\"column\" data-e-type=\"column\">\n\t\t\t<div class=\"elementor-widget-wrap elementor-element-populated\">\n\t\t\t\t\t\t<section class=\"elementor-section elementor-inner-section elementor-element elementor-element-045a383 elementor-section-boxed elementor-section-height-default elementor-section-height-default\" data-id=\"045a383\" data-element_type=\"section\" data-e-type=\"section\">\n\t\t\t\t\t\t<div class=\"elementor-container elementor-column-gap-default\">\n\t\t\t\t\t<div class=\"elementor-column elementor-col-50 elementor-inner-column elementor-element elementor-element-2b9fa25\" data-id=\"2b9fa25\" data-element_type=\"column\" data-e-type=\"column\">\n\t\t\t<div class=\"elementor-widget-wrap elementor-element-populated\">\n\t\t\t\t\t\t<div class=\"elementor-element elementor-element-4610e8d elementor-widget elementor-widget-text-editor\" data-id=\"4610e8d\" data-element_type=\"widget\" data-e-type=\"widget\" data-widget_type=\"text-editor.default\">\n\t\t\t\t<div class=\"elementor-widget-container\">\n\t\t\t\t\t\t\t\t\t<p><b>MINHA CAMINHADA<\/b><\/p><p>Daniel Bota desenvolveu a sua paix\u00e3o pela arte desde muito cedo. Seu pai, engenheiro, pintava nas horas vagas, o que alimentava e despertava a paix\u00e3o de seu filho pela arte. At\u00e9 a constru\u00e7\u00e3o de sua identidade como artista, Daniel cresceu no ambiente das refer\u00eancias visuais e culturais cultivadas e transmitidas por sua fam\u00edlia.<\/p><p>Quando crian\u00e7a, adorava navegar na cole\u00e7\u00e3o G\u00eanios da Pintura e nos esbo\u00e7os de Michelangelo. O artista conta que, aos 9 anos, teve um desenho de um carro Mercedes-Benz publicado em uma revista alem\u00e3 de circula\u00e7\u00e3o mundial. \u201cFoi um concurso para a revista da marca. Na \u00e9poca, ganhei 50 marcos alem\u00e3es &#8211; uma conquista inesquec\u00edvel para uma crian\u00e7a\u201d, afirma. O seu talento natural para o desenho ganhou corpo e na adolesc\u00eancia, estudou na \u201cEscola C\u00e2ndido Portinari\u201d, onde se aprofundou nos fundamentos do desenho, que o prepararam para sua escolha profissional.<\/p><p>Graduado em Publicidade pela Universidade Mackenzie, Daniel se prop\u00f4s a vivenciar o mercado publicit\u00e1rio nos anos posteriores. Por muito tempo atuou como Diretor de Arte em diversas ag\u00eancias de publicidade (S\u00e3o Paulo \/ Brasil). A forma\u00e7\u00e3o acad\u00eamica aliada \u00e0 pr\u00e1tica profissional lhe proporcionou s\u00f3lida bagagem para o desenvolvimento de sua arte.<\/p><p>Amante do surf, seus primeiros trabalhos como artista foram uma s\u00e9rie de pinturas de seu esporte de cora\u00e7\u00e3o, que lhe valeram a primeira exposi\u00e7\u00e3o no metr\u00f4 de S\u00e3o Paulo. Experi\u00eancia que abriu caminho para a escolha de viver como artista. Suas pinturas ganharam enorme destaque no cen\u00e1rio esportivo. A t\u00edtulo de exemplo, o quadro em homenagem a Ayrton Senna, hoje, pertence \u00e0 fam\u00edlia do piloto e ganhou destaque pelo Instituto (IAS) como uma das 5 principais obras feitas para ele.<\/p><p><i>Dbota<\/i> como costuma assinar, estudou pintura na \u201cADA\u201d (Accademia d\u00b4Arte) em Firenze, It\u00e1lia. \u00c9 tamb\u00e9m membro da Associa\u00e7\u00e3o Paulista de Belas Artes, com diversas obras premiadas. O artista tamb\u00e9m participou de diversas exposi\u00e7\u00f5es coletivas e individuais no Brasil e no exterior.<\/p><p><b style=\"color: var( --e-global-color-text ); font-size: var(--bodyfontsize); letter-spacing: var(--bodyletterspacing); text-transform: var(--bodytexttransform);\">DECLARA\u00c7\u00c3O DO ARTISTA<\/b><\/p><p><span style=\"color: var( --e-global-color-text ); background-color: var(--nv-site-bg); font-size: var(--bodyfontsize); letter-spacing: var(--bodyletterspacing); text-transform: var(--bodytexttransform);\">Em uma de suas cartas a seu irm\u00e3o Theo, Van Gogh escreveu: <i>&#8220;Quanta beleza na arte, desde que possamos reter o que vimos. Jamais ficamos deserdados, nem verdadeiramente solit\u00e1rios, jamais s\u00f3s.&#8221;<\/i><\/span><\/p><p><span style=\"color: var( --e-global-color-text ); background-color: var(--nv-site-bg); font-size: var(--bodyfontsize); letter-spacing: var(--bodyletterspacing); text-transform: var(--bodytexttransform);\">A arte possibilita um di\u00e1logo. Minha experi\u00eancia se traduz numa busca incans\u00e1vel. Minha paix\u00e3o \u00e9 capturar o espet\u00e1culo da vida que est\u00e1 em constante movimento por meio de cores e formas. Seja uma paisagem, um retrato ou mesmo uma abstra\u00e7\u00e3o.<\/span><\/p><p><span style=\"color: var( --e-global-color-text ); background-color: var(--nv-site-bg); font-size: var(--bodyfontsize); letter-spacing: var(--bodyletterspacing); text-transform: var(--bodytexttransform);\">Eu vejo a vida em pinceladas e escolhi uma forma mais livre e contempor\u00e2nea de pintar. Portanto, acredito que meu estilo de pintura \u00e9 o realismo espont\u00e2neo. Para onde quer que eu olhe, vejo vida em texturas e tento traduzi-la em pinceladas. A experi\u00eancia me ensinou que a melhor maneira de fazer isso \u00e9 deixar a tinta fazer o que faz de melhor: parecer tinta. <\/span><span style=\"color: var( --e-global-color-text ); background-color: var(--nv-site-bg); font-size: var(--bodyfontsize); letter-spacing: var(--bodyletterspacing); text-transform: var(--bodytexttransform);\">Por isso gosto de explorar respingos, camadas, fazer uso de esp\u00e1tulas e fa\u00e7o quest\u00e3o de deixar a pincelada aparente, em qualquer que seja a t\u00e9cnica: acr\u00edlico, \u00f3leo, aquarela ou guache.<\/span><\/p><p><span style=\"color: var( --e-global-color-text ); background-color: var(--nv-site-bg); font-size: var(--bodyfontsize); letter-spacing: var(--bodyletterspacing); text-transform: var(--bodytexttransform);\">Me sinto desafiado a representar a riqueza do nosso mundo. Minha paix\u00e3o \u00e9 capturar o espet\u00e1culo da vida, pois cada f\u00f4lego carrega a mensagem da eternidade.<\/span><\/p><p><span style=\"color: var( --e-global-color-text ); background-color: var(--nv-site-bg); font-size: var(--bodyfontsize); letter-spacing: var(--bodyletterspacing); text-transform: var(--bodytexttransform);\">Finalizo com as inspirativas palavras de Roger Scruton: <i>&#8220;A arte tal qual conhecemos encontra-se no limiar do transcendental. Ela aponta para al\u00e9m deste mundo de coisas acidentais e desconexas, na dire\u00e7\u00e3o de uma esfera em que a vida humana \u00e9 agraciada com uma l\u00f3gica emocional que torna o sofrimento nobre e faz que o amor valha a pena.&#8221;<\/i><\/span><\/p>\t\t\t\t\t\t\t\t<\/div>\n\t\t\t\t<\/div>\n\t\t\t\t\t<\/div>\n\t\t<\/div>\n\t\t\t\t<div class=\"elementor-column elementor-col-50 elementor-inner-column elementor-element elementor-element-beb63fa\" data-id=\"beb63fa\" data-element_type=\"column\" data-e-type=\"column\">\n\t\t\t<div class=\"elementor-widget-wrap elementor-element-populated\">\n\t\t\t\t\t\t<div class=\"elementor-element elementor-element-f54ec81 elementor-widget elementor-widget-image\" data-id=\"f54ec81\" data-element_type=\"widget\" data-e-type=\"widget\" data-widget_type=\"image.default\">\n\t\t\t\t<div class=\"elementor-widget-container\">\n\t\t\t\t\t\t\t\t\t\t\t\t\t\t\t<img fetchpriority=\"high\" decoding=\"async\" width=\"797\" height=\"596\" src=\"https:\/\/danielbota.com.br\/portfolio\/wp-content\/uploads\/2023\/05\/daniel-bota.jpg\" class=\"attachment-large size-large wp-image-10137\" alt=\"\" srcset=\"https:\/\/danielbota.com.br\/portfolio\/wp-content\/uploads\/2023\/05\/daniel-bota.jpg 797w, https:\/\/danielbota.com.br\/portfolio\/wp-content\/uploads\/2023\/05\/daniel-bota-300x224.jpg 300w, https:\/\/danielbota.com.br\/portfolio\/wp-content\/uploads\/2023\/05\/daniel-bota-768x574.jpg 768w, https:\/\/danielbota.com.br\/portfolio\/wp-content\/uploads\/2023\/05\/daniel-bota-600x449.jpg 600w, https:\/\/danielbota.com.br\/portfolio\/wp-content\/uploads\/2023\/05\/daniel-bota-64x48.jpg 64w\" sizes=\"(max-width: 797px) 100vw, 797px\" \/>\t\t\t\t\t\t\t\t\t\t\t\t\t\t\t<\/div>\n\t\t\t\t<\/div>\n\t\t\t\t\t<\/div>\n\t\t<\/div>\n\t\t\t\t\t<\/div>\n\t\t<\/section>\n\t\t\t\t<div class=\"elementor-element elementor-element-80fa7e0 elementor-widget elementor-widget-spacer\" data-id=\"80fa7e0\" data-element_type=\"widget\" data-e-type=\"widget\" data-widget_type=\"spacer.default\">\n\t\t\t\t<div class=\"elementor-widget-container\">\n\t\t\t\t\t\t\t<div class=\"elementor-spacer\">\n\t\t\t<div class=\"elementor-spacer-inner\"><\/div>\n\t\t<\/div>\n\t\t\t\t\t\t<\/div>\n\t\t\t\t<\/div>\n\t\t\t\t<div class=\"elementor-element elementor-element-f6a4276 elementor-widget elementor-widget-heading\" data-id=\"f6a4276\" data-element_type=\"widget\" data-e-type=\"widget\" data-widget_type=\"heading.default\">\n\t\t\t\t<div class=\"elementor-widget-container\">\n\t\t\t\t\t<h2 class=\"elementor-heading-title elementor-size-default\"><b>PORTFOLIOS<\/b><\/h2>\t\t\t\t<\/div>\n\t\t\t\t<\/div>\n\t\t\t\t<div class=\"elementor-element elementor-element-db5eb7b elementor-widget elementor-widget-text-editor\" data-id=\"db5eb7b\" data-element_type=\"widget\" data-e-type=\"widget\" data-widget_type=\"text-editor.default\">\n\t\t\t\t<div class=\"elementor-widget-container\">\n\t\t\t\t\t\t\t\t\t<p><a href=\"https:\/\/danielbota.com.br\/portfolio\/dbota_portfolio_arte_2025.pdf\" target=\"_blank\" rel=\"noopener\">Clique aqui e fa\u00e7a o download do meu Portf\u00f3lio Art\u00edstico (ARTE)<\/a><\/p>\t\t\t\t\t\t\t\t<\/div>\n\t\t\t\t<\/div>\n\t\t\t\t\t<\/div>\n\t\t<\/div>\n\t\t\t\t\t<\/div>\n\t\t<\/section>\n\t\t\t\t<section class=\"elementor-section elementor-top-section elementor-element elementor-element-ffd5510 elementor-section-boxed elementor-section-height-default elementor-section-height-default\" data-id=\"ffd5510\" data-element_type=\"section\" data-e-type=\"section\">\n\t\t\t\t\t\t<div class=\"elementor-container elementor-column-gap-default\">\n\t\t\t\t\t<div class=\"elementor-column elementor-col-100 elementor-top-column elementor-element elementor-element-99da71f\" data-id=\"99da71f\" data-element_type=\"column\" data-e-type=\"column\">\n\t\t\t<div class=\"elementor-widget-wrap elementor-element-populated\">\n\t\t\t\t\t\t<div class=\"elementor-element elementor-element-ed1312b elementor-widget elementor-widget-spacer\" data-id=\"ed1312b\" data-element_type=\"widget\" data-e-type=\"widget\" data-widget_type=\"spacer.default\">\n\t\t\t\t<div class=\"elementor-widget-container\">\n\t\t\t\t\t\t\t<div class=\"elementor-spacer\">\n\t\t\t<div class=\"elementor-spacer-inner\"><\/div>\n\t\t<\/div>\n\t\t\t\t\t\t<\/div>\n\t\t\t\t<\/div>\n\t\t\t\t\t<\/div>\n\t\t<\/div>\n\t\t\t\t\t<\/div>\n\t\t<\/section>\n\t\t\t\t<section class=\"elementor-section elementor-top-section elementor-element elementor-element-600f043 elementor-section-boxed elementor-section-height-default elementor-section-height-default\" data-id=\"600f043\" data-element_type=\"section\" data-e-type=\"section\">\n\t\t\t\t\t\t<div class=\"elementor-container elementor-column-gap-default\">\n\t\t\t\t\t<div class=\"elementor-column elementor-col-100 elementor-top-column elementor-element elementor-element-d542b84\" data-id=\"d542b84\" data-element_type=\"column\" data-e-type=\"column\">\n\t\t\t<div class=\"elementor-widget-wrap elementor-element-populated\">\n\t\t\t\t\t\t<div class=\"elementor-element elementor-element-2dae873 elementor-align-center elementor-widget elementor-widget-button\" data-id=\"2dae873\" data-element_type=\"widget\" data-e-type=\"widget\" data-widget_type=\"button.default\">\n\t\t\t\t<div class=\"elementor-widget-container\">\n\t\t\t\t\t\t\t\t\t<div class=\"elementor-button-wrapper\">\n\t\t\t\t\t<a class=\"elementor-button elementor-button-link elementor-size-sm\" href=\"#topo\">\n\t\t\t\t\t\t<span class=\"elementor-button-content-wrapper\">\n\t\t\t\t\t\t\t\t\t<span class=\"elementor-button-text\">voltar ao topo<\/span>\n\t\t\t\t\t<\/span>\n\t\t\t\t\t<\/a>\n\t\t\t\t<\/div>\n\t\t\t\t\t\t\t\t<\/div>\n\t\t\t\t<\/div>\n\t\t\t\t<div class=\"elementor-element elementor-element-bdc5aa8 elementor-widget elementor-widget-spacer\" data-id=\"bdc5aa8\" data-element_type=\"widget\" data-e-type=\"widget\" data-widget_type=\"spacer.default\">\n\t\t\t\t<div class=\"elementor-widget-container\">\n\t\t\t\t\t\t\t<div class=\"elementor-spacer\">\n\t\t\t<div class=\"elementor-spacer-inner\"><\/div>\n\t\t<\/div>\n\t\t\t\t\t\t<\/div>\n\t\t\t\t<\/div>\n\t\t\t\t\t<\/div>\n\t\t<\/div>\n\t\t\t\t\t<\/div>\n\t\t<\/section>\n\t\t\t\t<\/div>\n\t\t","protected":false},"excerpt":{"rendered":"<p>MINHA CAMINHADA Daniel Bota desenvolveu a sua paix\u00e3o pela arte desde muito cedo. Seu pai, engenheiro, pintava nas horas vagas, o que alimentava e despertava a paix\u00e3o de seu filho pela arte. At\u00e9 a constru\u00e7\u00e3o de sua identidade como artista, Daniel cresceu no ambiente das refer\u00eancias visuais e culturais cultivadas e transmitidas por sua fam\u00edlia. [&hellip;]<\/p>\n","protected":false},"author":1,"featured_media":0,"parent":0,"menu_order":0,"comment_status":"closed","ping_status":"closed","template":"elementor_header_footer","meta":{"footnotes":""},"class_list":["post-548","page","type-page","status-publish","hentry"],"_links":{"self":[{"href":"https:\/\/danielbota.com.br\/portfolio\/wp-json\/wp\/v2\/pages\/548","targetHints":{"allow":["GET"]}}],"collection":[{"href":"https:\/\/danielbota.com.br\/portfolio\/wp-json\/wp\/v2\/pages"}],"about":[{"href":"https:\/\/danielbota.com.br\/portfolio\/wp-json\/wp\/v2\/types\/page"}],"author":[{"embeddable":true,"href":"https:\/\/danielbota.com.br\/portfolio\/wp-json\/wp\/v2\/users\/1"}],"replies":[{"embeddable":true,"href":"https:\/\/danielbota.com.br\/portfolio\/wp-json\/wp\/v2\/comments?post=548"}],"version-history":[{"count":196,"href":"https:\/\/danielbota.com.br\/portfolio\/wp-json\/wp\/v2\/pages\/548\/revisions"}],"predecessor-version":[{"id":20402,"href":"https:\/\/danielbota.com.br\/portfolio\/wp-json\/wp\/v2\/pages\/548\/revisions\/20402"}],"wp:attachment":[{"href":"https:\/\/danielbota.com.br\/portfolio\/wp-json\/wp\/v2\/media?parent=548"}],"curies":[{"name":"wp","href":"https:\/\/api.w.org\/{rel}","templated":true}]}}