{"id":13815,"date":"2023-07-21T21:44:03","date_gmt":"2023-07-21T21:44:03","guid":{"rendered":"https:\/\/danielbota.com.br\/portfolio\/?page_id=13815"},"modified":"2023-12-05T12:10:30","modified_gmt":"2023-12-05T12:10:30","slug":"artes-originais-prints","status":"publish","type":"page","link":"https:\/\/danielbota.com.br\/portfolio\/artes-originais-prints\/","title":{"rendered":"Sobre Artes Originais e Prints"},"content":{"rendered":"\t\t<div data-elementor-type=\"wp-page\" data-elementor-id=\"13815\" class=\"elementor elementor-13815\" data-elementor-post-type=\"page\">\n\t\t\t\t\t\t<section class=\"elementor-section elementor-top-section elementor-element elementor-element-362c33d2 elementor-section-boxed elementor-section-height-default elementor-section-height-default\" data-id=\"362c33d2\" data-element_type=\"section\" data-e-type=\"section\">\n\t\t\t\t\t\t<div class=\"elementor-container elementor-column-gap-default\">\n\t\t\t\t\t<div class=\"elementor-column elementor-col-100 elementor-top-column elementor-element elementor-element-1e234226\" data-id=\"1e234226\" data-element_type=\"column\" data-e-type=\"column\">\n\t\t\t<div class=\"elementor-widget-wrap elementor-element-populated\">\n\t\t\t\t\t\t<div class=\"elementor-element elementor-element-0f74b55 elementor-widget elementor-widget-spacer\" data-id=\"0f74b55\" data-element_type=\"widget\" data-e-type=\"widget\" data-widget_type=\"spacer.default\">\n\t\t\t\t<div class=\"elementor-widget-container\">\n\t\t\t\t\t\t\t<div class=\"elementor-spacer\">\n\t\t\t<div class=\"elementor-spacer-inner\"><\/div>\n\t\t<\/div>\n\t\t\t\t\t\t<\/div>\n\t\t\t\t<\/div>\n\t\t\t\t<div class=\"elementor-element elementor-element-f5c8434 elementor-widget elementor-widget-heading\" data-id=\"f5c8434\" data-element_type=\"widget\" data-e-type=\"widget\" data-widget_type=\"heading.default\">\n\t\t\t\t<div class=\"elementor-widget-container\">\n\t\t\t\t\t<h1 class=\"elementor-heading-title elementor-size-default\"><b>sobre artes originais e prints<\/b><\/h1>\t\t\t\t<\/div>\n\t\t\t\t<\/div>\n\t\t\t\t<div class=\"elementor-element elementor-element-a262319 elementor-widget elementor-widget-text-editor\" data-id=\"a262319\" data-element_type=\"widget\" data-e-type=\"widget\" data-widget_type=\"text-editor.default\">\n\t\t\t\t<div class=\"elementor-widget-container\">\n\t\t\t\t\t\t\t\t\t<p>Seja bem-vindo,<br \/><span style=\"color: var( --e-global-color-text ); letter-spacing: var(--bodyletterspacing); text-transform: var(--bodytexttransform); background-color: var(--nv-site-bg);\">\u00c9 uma alegria v\u00ea-lo(a) por aqui!<\/span><\/p><p><span style=\"font-weight: bold; color: var( --e-global-color-text ); letter-spacing: var(--bodyletterspacing); text-transform: var(--bodytexttransform); background-color: var(--nv-site-bg);\">PRINTS \/ FINE ART<\/span><\/p><p>A\u00a0<span style=\"font-weight: bold;\">Impress\u00e3o \u201cFine Art\u201d\u00a0<\/span>\u00e9 o processo de transferir fotografias de pinturas ou arte digitais para pap\u00e9is e outras m\u00eddias de alt\u00edssima qualidade. Esse processo, mundialmente reconhecido, requer um gerenciamento rigoroso dos equipamentos e dos insumos utilizados, al\u00e9m de aten\u00e7\u00e3o de cuidados especializados. Al\u00e9m disso, ainda h\u00e1 a preocupa\u00e7\u00e3o com a durabilidade das impress\u00f5es, pois se a obra de arte se deteriorar rapidamente, perder\u00e1 seus aspectos originais. Cada impress\u00e3o \u00e9 acompanhada por um Certificado de Autenticidade, contendo o t\u00edtulo da obra, tipo de papel impresso, ano de produ\u00e7\u00e3o, valida\u00e7\u00e3o do est\u00fadio de impress\u00e3o e assinado pelo artista.<\/p><p>As impress\u00f5es da\u00a0<span style=\"font-weight: bold;\">Galeria de Arte Daniel Bota<\/span> s\u00e3o de qualidade museol\u00f3gica, com fidelidade de 100% nas cores, livres de acidez (n\u00e3o amarelam), al\u00e9m de preservarem suas caracter\u00edsticas por d\u00e9cadas. Trata-se do <b>Papel Canson \u201cRag Edition Etching\u201d 310gsm.<\/b> Um papel branco 100% algod\u00e3o, espec\u00edfico para Belas Artes. A excepcional tonalidade branca e lisa \u00e9 alcan\u00e7ada atrav\u00e9s da introdu\u00e7\u00e3o de minerais naturais durante a sua manufatura. Ele foi desenvolvido para atender a demanda de requisitos de longevidade cont\u00ednua do mercado Digital Fine Art. Ele oferece uma superf\u00edcie extra-lisa \u00fanica com um toque suave. Tamb\u00e9m oferece um dos mais altos Dmax alcan\u00e7\u00e1veis atualmente dispon\u00edvel no mercado, tornando-o ideal para fotografia belas artes assim como para Impress\u00e3o belas artes.<\/p>\t\t\t\t\t\t\t\t<\/div>\n\t\t\t\t<\/div>\n\t\t\t\t<section class=\"elementor-section elementor-inner-section elementor-element elementor-element-8eeb3e8 elementor-section-boxed elementor-section-height-default elementor-section-height-default\" data-id=\"8eeb3e8\" data-element_type=\"section\" data-e-type=\"section\">\n\t\t\t\t\t\t<div class=\"elementor-container elementor-column-gap-default\">\n\t\t\t\t\t<div class=\"elementor-column elementor-col-50 elementor-inner-column elementor-element elementor-element-9eaf30d\" data-id=\"9eaf30d\" data-element_type=\"column\" data-e-type=\"column\">\n\t\t\t<div class=\"elementor-widget-wrap elementor-element-populated\">\n\t\t\t\t\t\t<div class=\"elementor-element elementor-element-e5b253e elementor-widget elementor-widget-image\" data-id=\"e5b253e\" data-element_type=\"widget\" data-e-type=\"widget\" data-widget_type=\"image.default\">\n\t\t\t\t<div class=\"elementor-widget-container\">\n\t\t\t\t\t\t\t\t\t\t\t\t\t\t\t<img fetchpriority=\"high\" decoding=\"async\" width=\"700\" height=\"973\" src=\"https:\/\/danielbota.com.br\/portfolio\/wp-content\/uploads\/2023\/07\/daniel-bota-shop.jpg\" class=\"attachment-large size-large wp-image-14002\" alt=\"\" srcset=\"https:\/\/danielbota.com.br\/portfolio\/wp-content\/uploads\/2023\/07\/daniel-bota-shop.jpg 700w, https:\/\/danielbota.com.br\/portfolio\/wp-content\/uploads\/2023\/07\/daniel-bota-shop-216x300.jpg 216w, https:\/\/danielbota.com.br\/portfolio\/wp-content\/uploads\/2023\/07\/daniel-bota-shop-600x834.jpg 600w, https:\/\/danielbota.com.br\/portfolio\/wp-content\/uploads\/2023\/07\/daniel-bota-shop-64x89.jpg 64w\" sizes=\"(max-width: 700px) 100vw, 700px\" \/>\t\t\t\t\t\t\t\t\t\t\t\t\t\t\t<\/div>\n\t\t\t\t<\/div>\n\t\t\t\t\t<\/div>\n\t\t<\/div>\n\t\t\t\t<div class=\"elementor-column elementor-col-50 elementor-inner-column elementor-element elementor-element-ce09af6\" data-id=\"ce09af6\" data-element_type=\"column\" data-e-type=\"column\">\n\t\t\t<div class=\"elementor-widget-wrap elementor-element-populated\">\n\t\t\t\t\t\t<div class=\"elementor-element elementor-element-b221233 elementor-widget elementor-widget-image\" data-id=\"b221233\" data-element_type=\"widget\" data-e-type=\"widget\" data-widget_type=\"image.default\">\n\t\t\t\t<div class=\"elementor-widget-container\">\n\t\t\t\t\t\t\t\t\t\t\t\t\t\t\t<img decoding=\"async\" width=\"800\" height=\"450\" src=\"https:\/\/danielbota.com.br\/portfolio\/wp-content\/uploads\/2023\/07\/daniel-bota-shop-2.jpg\" class=\"attachment-large size-large wp-image-14001\" alt=\"\" srcset=\"https:\/\/danielbota.com.br\/portfolio\/wp-content\/uploads\/2023\/07\/daniel-bota-shop-2.jpg 1000w, https:\/\/danielbota.com.br\/portfolio\/wp-content\/uploads\/2023\/07\/daniel-bota-shop-2-300x169.jpg 300w, https:\/\/danielbota.com.br\/portfolio\/wp-content\/uploads\/2023\/07\/daniel-bota-shop-2-768x432.jpg 768w, https:\/\/danielbota.com.br\/portfolio\/wp-content\/uploads\/2023\/07\/daniel-bota-shop-2-600x338.jpg 600w, https:\/\/danielbota.com.br\/portfolio\/wp-content\/uploads\/2023\/07\/daniel-bota-shop-2-64x36.jpg 64w\" sizes=\"(max-width: 800px) 100vw, 800px\" \/>\t\t\t\t\t\t\t\t\t\t\t\t\t\t\t<\/div>\n\t\t\t\t<\/div>\n\t\t\t\t\t<\/div>\n\t\t<\/div>\n\t\t\t\t\t<\/div>\n\t\t<\/section>\n\t\t\t\t\t<\/div>\n\t\t<\/div>\n\t\t\t\t\t<\/div>\n\t\t<\/section>\n\t\t\t\t<section class=\"elementor-section elementor-top-section elementor-element elementor-element-444558f elementor-section-boxed elementor-section-height-default elementor-section-height-default\" data-id=\"444558f\" data-element_type=\"section\" data-e-type=\"section\">\n\t\t\t\t\t\t<div class=\"elementor-container elementor-column-gap-default\">\n\t\t\t\t\t<div class=\"elementor-column elementor-col-100 elementor-top-column elementor-element elementor-element-9e51ba6\" data-id=\"9e51ba6\" data-element_type=\"column\" data-e-type=\"column\">\n\t\t\t<div class=\"elementor-widget-wrap elementor-element-populated\">\n\t\t\t\t\t\t<div class=\"elementor-element elementor-element-f9e8d84 elementor-widget elementor-widget-text-editor\" data-id=\"f9e8d84\" data-element_type=\"widget\" data-e-type=\"widget\" data-widget_type=\"text-editor.default\">\n\t\t\t\t<div class=\"elementor-widget-container\">\n\t\t\t\t\t\t\t\t\t<p><b style=\"color: var( --e-global-color-text ); letter-spacing: var(--bodyletterspacing); text-transform: var(--bodytexttransform); background-color: var(--nv-site-bg);\">Caracter\u00edsticas e Benef\u00edcios do\u00a0<\/b><span style=\"color: var( --e-global-color-text ); letter-spacing: var(--bodyletterspacing); text-transform: var(--bodytexttransform); font-weight: bold; background-color: var(--nv-site-bg);\">Produto:<\/span><\/p><ul><li>100% algod\u00e3o;<\/li><li>Compat\u00edvel com tintas pigmentadas \u00e0 base de \u00e1gua;<\/li><li>Seca instantaneamente;<\/li><li>Resistente a \u00e1gua;<\/li><li>Sem Agentes \u00d3tico Branqueadores para garantir a consist\u00eancia das sombras;<\/li><li>Desenvolvido para atender os requisitos de longevidade das galerias e museus e respeitar o padr\u00e3o IS0 9706;<\/li><li>Revestido internamente para resistir ao vazamento de g\u00e1s e maximizar a conserva\u00e7\u00e3o de suas impress\u00f5es;<\/li><li>Certifica\u00e7\u00e3o Ac\u00edd Free para evitar a degrada\u00e7\u00e3o do papel.<\/li><\/ul>\t\t\t\t\t\t\t\t<\/div>\n\t\t\t\t<\/div>\n\t\t\t\t<div class=\"elementor-element elementor-element-60d7161 elementor-widget elementor-widget-text-editor\" data-id=\"60d7161\" data-element_type=\"widget\" data-e-type=\"widget\" data-widget_type=\"text-editor.default\">\n\t\t\t\t<div class=\"elementor-widget-container\">\n\t\t\t\t\t\t\t\t\t<p><b style=\"color: var( --e-global-color-text ); background-color: var(--nv-site-bg); letter-spacing: var(--bodyletterspacing); text-transform: var(--bodytexttransform);\">ARTES ORIGINAIS<\/b><\/p>\n<p>As obras de arte originais s\u00e3o sempre mais valiosas no mercado da arte.<br><span style=\"color: var( --e-global-color-text ); background-color: var(--nv-site-bg); letter-spacing: var(--bodyletterspacing); text-transform: var(--bodytexttransform);\">As <b>Artes Originais<\/b>, sejam<b> Pinturas em Tinta \u00d3leo<\/b> ou <b>Acr\u00edlica<\/b>, bem como <b>Aquarelas<\/b> e <b>Desenhos<\/b>&nbsp;aqui comercializados, s\u00e3o pe\u00e7as \u00fanicas e exclusivas, n\u00e3o sendo encontradas em nenhum outro lugar. S\u00e3o obras feitas \u00e0 m\u00e3o e assinadas pelo artista.<\/span><\/p>\n<p><span style=\"color: var( --e-global-color-text ); background-color: var(--nv-site-bg); letter-spacing: var(--bodyletterspacing); text-transform: var(--bodytexttransform);\">Ainda que o artista produza outras obras semelhantes, cada obra ser\u00e1 sempre exclusiva e original, pois cada uma tem a sua particularidade em termos de pl\u00e1stica, pincelada e n\u00edvel de detalhamento t\u00e9cnico. Portanto, ao adquirir uma <b>Obra Original<\/b>, voc\u00ea est\u00e1 recebendo o que h\u00e1 de mais nobre no mercado da arte.&nbsp;<\/span><span style=\"background-color: var(--nv-site-bg); color: var( --e-global-color-text ); letter-spacing: var(--bodyletterspacing); text-transform: var(--bodytexttransform);\">Uma obra &#8220;visceral&#8221;, que carrega a mais profunda identidade do artista e suas mais intr\u00ednsecas marcas. Por isso, obras de arte s\u00e3o t\u00e3o valiosas, al\u00e9m de emprestarem beleza, agregam valor por tamb\u00e9m serem reconhecidas como meios de investimento. Cada obra \u00e9 acompanhada por um <b>Certificado de Autenticidade<\/b> assinado pelo pr\u00f3prio artista, contendo todos os dados da obra como: t\u00edtulo, tamanho, t\u00e9cnica e ano de produ\u00e7\u00e3o.<\/span><\/p>\t\t\t\t\t\t\t\t<\/div>\n\t\t\t\t<\/div>\n\t\t\t\t<div class=\"elementor-element elementor-element-017241c elementor-widget elementor-widget-text-editor\" data-id=\"017241c\" data-element_type=\"widget\" data-e-type=\"widget\" data-widget_type=\"text-editor.default\">\n\t\t\t\t<div class=\"elementor-widget-container\">\n\t\t\t\t\t\t\t\t\t<p><b style=\"color: var( --e-global-color-text ); letter-spacing: var(--bodyletterspacing); text-transform: var(--bodytexttransform);\">COMO CONSERVAR MINHA ARTE?<br><\/b><span style=\"background-color: var(--nv-site-bg); color: var( --e-global-color-text ); letter-spacing: var(--bodyletterspacing); text-transform: var(--bodytexttransform);\"><br>\u00c9 muito simples! No caso das <b>Pinturas Originais<\/b>, evite impactos e limpe quando achar necess\u00e1rio, utilizando apenas um pano macio e levemente umedecido com \u00e1gua. Nunca use produtos qu\u00edmicos ou abrasivos.<\/span><\/p>\n<p><span style=\"background-color: var(--nv-site-bg); color: var( --e-global-color-text ); letter-spacing: var(--bodyletterspacing); text-transform: var(--bodytexttransform);\">No caso das <b>Aquarelas<\/b>,<b> Desenhos Originais <\/b>e&nbsp;<\/span><span style=\"color: var( --e-global-color-text ); letter-spacing: var(--bodyletterspacing); text-transform: var(--bodytexttransform); background-color: var(--nv-site-bg);\"><span style=\"font-weight: bold;\">Impress\u00f5es&nbsp;<\/span><\/span><span style=\"color: var( --e-global-color-text ); letter-spacing: var(--bodyletterspacing); text-transform: var(--bodytexttransform); background-color: var(--nv-site-bg);\"><span style=\"font-weight: bold;\">FINE ART<\/span>,<\/span><span style=\"color: var( --e-global-color-text ); letter-spacing: var(--bodyletterspacing); text-transform: var(--bodytexttransform); background-color: var(--nv-site-bg);\">&nbsp;<\/span><span style=\"color: var( --e-global-color-text ); letter-spacing: var(--bodyletterspacing); text-transform: var(--bodytexttransform); background-color: var(--nv-site-bg);\">emoldure-os assim que tirar a arte da embalagem. N\u00e3o manuseie, n<\/span><span style=\"color: var( --e-global-color-text ); background-color: var(--nv-site-bg); letter-spacing: var(--bodyletterspacing); text-transform: var(--bodytexttransform);\">unca use produtos qu\u00edmicos ou abrasivos<\/span><span style=\"background-color: var(--nv-site-bg); color: var( --e-global-color-text ); letter-spacing: var(--bodyletterspacing); text-transform: var(--bodytexttransform);\">&nbsp;e nem aplique qualquer produto de limpeza.<\/span><\/p>\t\t\t\t\t\t\t\t<\/div>\n\t\t\t\t<\/div>\n\t\t\t\t<section class=\"elementor-section elementor-inner-section elementor-element elementor-element-23089bc elementor-section-boxed elementor-section-height-default elementor-section-height-default\" data-id=\"23089bc\" data-element_type=\"section\" data-e-type=\"section\">\n\t\t\t\t\t\t<div class=\"elementor-container elementor-column-gap-default\">\n\t\t\t\t\t<div class=\"elementor-column elementor-col-33 elementor-inner-column elementor-element elementor-element-b823de6\" data-id=\"b823de6\" data-element_type=\"column\" data-e-type=\"column\">\n\t\t\t<div class=\"elementor-widget-wrap elementor-element-populated\">\n\t\t\t\t\t\t<div class=\"elementor-element elementor-element-2f67b57 elementor-widget elementor-widget-image\" data-id=\"2f67b57\" data-element_type=\"widget\" data-e-type=\"widget\" data-widget_type=\"image.default\">\n\t\t\t\t<div class=\"elementor-widget-container\">\n\t\t\t\t\t\t\t\t\t\t\t\t\t\t\t<img decoding=\"async\" width=\"800\" height=\"475\" src=\"https:\/\/danielbota.com.br\/portfolio\/wp-content\/uploads\/2023\/03\/daniel_bota_arte_pintura_paisagem_cafe_paris5-1-1024x608.jpg\" class=\"attachment-large size-large wp-image-14398\" alt=\"\" srcset=\"https:\/\/danielbota.com.br\/portfolio\/wp-content\/uploads\/2023\/03\/daniel_bota_arte_pintura_paisagem_cafe_paris5-1-1024x608.jpg 1024w, https:\/\/danielbota.com.br\/portfolio\/wp-content\/uploads\/2023\/03\/daniel_bota_arte_pintura_paisagem_cafe_paris5-1-300x178.jpg 300w, https:\/\/danielbota.com.br\/portfolio\/wp-content\/uploads\/2023\/03\/daniel_bota_arte_pintura_paisagem_cafe_paris5-1-768x456.jpg 768w, https:\/\/danielbota.com.br\/portfolio\/wp-content\/uploads\/2023\/03\/daniel_bota_arte_pintura_paisagem_cafe_paris5-1-600x356.jpg 600w, https:\/\/danielbota.com.br\/portfolio\/wp-content\/uploads\/2023\/03\/daniel_bota_arte_pintura_paisagem_cafe_paris5-1-64x38.jpg 64w, https:\/\/danielbota.com.br\/portfolio\/wp-content\/uploads\/2023\/03\/daniel_bota_arte_pintura_paisagem_cafe_paris5-1.jpg 1200w\" sizes=\"(max-width: 800px) 100vw, 800px\" \/>\t\t\t\t\t\t\t\t\t\t\t\t\t\t\t<\/div>\n\t\t\t\t<\/div>\n\t\t\t\t\t<\/div>\n\t\t<\/div>\n\t\t\t\t<div class=\"elementor-column elementor-col-33 elementor-inner-column elementor-element elementor-element-2d94f43\" data-id=\"2d94f43\" data-element_type=\"column\" data-e-type=\"column\">\n\t\t\t<div class=\"elementor-widget-wrap elementor-element-populated\">\n\t\t\t\t\t\t<div class=\"elementor-element elementor-element-db0abe6 elementor-widget elementor-widget-image\" data-id=\"db0abe6\" data-element_type=\"widget\" data-e-type=\"widget\" data-widget_type=\"image.default\">\n\t\t\t\t<div class=\"elementor-widget-container\">\n\t\t\t\t\t\t\t\t\t\t\t\t\t\t\t<img loading=\"lazy\" decoding=\"async\" width=\"800\" height=\"450\" src=\"https:\/\/danielbota.com.br\/portfolio\/wp-content\/uploads\/2023\/03\/daniel_bota_arte_pintura_esporte_gabriel_medina_22-1024x576.jpg\" class=\"attachment-large size-large wp-image-988\" alt=\"\" srcset=\"https:\/\/danielbota.com.br\/portfolio\/wp-content\/uploads\/2023\/03\/daniel_bota_arte_pintura_esporte_gabriel_medina_22-1024x576.jpg 1024w, https:\/\/danielbota.com.br\/portfolio\/wp-content\/uploads\/2023\/03\/daniel_bota_arte_pintura_esporte_gabriel_medina_22-300x169.jpg 300w, https:\/\/danielbota.com.br\/portfolio\/wp-content\/uploads\/2023\/03\/daniel_bota_arte_pintura_esporte_gabriel_medina_22-768x432.jpg 768w, https:\/\/danielbota.com.br\/portfolio\/wp-content\/uploads\/2023\/03\/daniel_bota_arte_pintura_esporte_gabriel_medina_22-1536x864.jpg 1536w, https:\/\/danielbota.com.br\/portfolio\/wp-content\/uploads\/2023\/03\/daniel_bota_arte_pintura_esporte_gabriel_medina_22-1320x743.jpg 1320w, https:\/\/danielbota.com.br\/portfolio\/wp-content\/uploads\/2023\/03\/daniel_bota_arte_pintura_esporte_gabriel_medina_22-600x338.jpg 600w, https:\/\/danielbota.com.br\/portfolio\/wp-content\/uploads\/2023\/03\/daniel_bota_arte_pintura_esporte_gabriel_medina_22-64x36.jpg 64w, https:\/\/danielbota.com.br\/portfolio\/wp-content\/uploads\/2023\/03\/daniel_bota_arte_pintura_esporte_gabriel_medina_22.jpg 1920w\" sizes=\"(max-width: 800px) 100vw, 800px\" \/>\t\t\t\t\t\t\t\t\t\t\t\t\t\t\t<\/div>\n\t\t\t\t<\/div>\n\t\t\t\t\t<\/div>\n\t\t<\/div>\n\t\t\t\t<div class=\"elementor-column elementor-col-33 elementor-inner-column elementor-element elementor-element-17db2a2\" data-id=\"17db2a2\" data-element_type=\"column\" data-e-type=\"column\">\n\t\t\t<div class=\"elementor-widget-wrap elementor-element-populated\">\n\t\t\t\t\t\t<div class=\"elementor-element elementor-element-f5b03e1 elementor-widget elementor-widget-image\" data-id=\"f5b03e1\" data-element_type=\"widget\" data-e-type=\"widget\" data-widget_type=\"image.default\">\n\t\t\t\t<div class=\"elementor-widget-container\">\n\t\t\t\t\t\t\t\t\t\t\t\t\t\t\t<img loading=\"lazy\" decoding=\"async\" width=\"800\" height=\"727\" src=\"https:\/\/danielbota.com.br\/portfolio\/wp-content\/uploads\/2023\/08\/daniel_bota_arte_pintura_borboleta_blue_014.jpg\" class=\"attachment-large size-large wp-image-14413\" alt=\"\" srcset=\"https:\/\/danielbota.com.br\/portfolio\/wp-content\/uploads\/2023\/08\/daniel_bota_arte_pintura_borboleta_blue_014.jpg 1000w, https:\/\/danielbota.com.br\/portfolio\/wp-content\/uploads\/2023\/08\/daniel_bota_arte_pintura_borboleta_blue_014-300x273.jpg 300w, https:\/\/danielbota.com.br\/portfolio\/wp-content\/uploads\/2023\/08\/daniel_bota_arte_pintura_borboleta_blue_014-768x698.jpg 768w, https:\/\/danielbota.com.br\/portfolio\/wp-content\/uploads\/2023\/08\/daniel_bota_arte_pintura_borboleta_blue_014-600x545.jpg 600w, https:\/\/danielbota.com.br\/portfolio\/wp-content\/uploads\/2023\/08\/daniel_bota_arte_pintura_borboleta_blue_014-64x58.jpg 64w\" sizes=\"(max-width: 800px) 100vw, 800px\" \/>\t\t\t\t\t\t\t\t\t\t\t\t\t\t\t<\/div>\n\t\t\t\t<\/div>\n\t\t\t\t\t<\/div>\n\t\t<\/div>\n\t\t\t\t\t<\/div>\n\t\t<\/section>\n\t\t\t\t<div class=\"elementor-element elementor-element-16259fe elementor-widget elementor-widget-text-editor\" data-id=\"16259fe\" data-element_type=\"widget\" data-e-type=\"widget\" data-widget_type=\"text-editor.default\">\n\t\t\t\t<div class=\"elementor-widget-container\">\n\t\t\t\t\t\t\t\t\t<p><b style=\"color: var( --e-global-color-text ); background-color: var(--nv-site-bg); letter-spacing: var(--bodyletterspacing); text-transform: var(--bodytexttransform);\">V\u00cdDEO PROMO<\/b><\/p><p>Assista o v\u00eddeo abaixo e entenda melhor a minha <b>LOJA VIRTUAL<\/b>.<\/p>\t\t\t\t\t\t\t\t<\/div>\n\t\t\t\t<\/div>\n\t\t\t\t<div class=\"elementor-element elementor-element-c24e971 elementor-widget elementor-widget-video\" data-id=\"c24e971\" data-element_type=\"widget\" data-e-type=\"widget\" data-settings=\"{&quot;youtube_url&quot;:&quot;https:\\\/\\\/www.youtube.com\\\/watch?v=Gr7o2NieyhA&quot;,&quot;video_type&quot;:&quot;youtube&quot;,&quot;controls&quot;:&quot;yes&quot;}\" data-widget_type=\"video.default\">\n\t\t\t\t<div class=\"elementor-widget-container\">\n\t\t\t\t\t\t\t<div class=\"elementor-wrapper elementor-open-inline\">\n\t\t\t<div class=\"elementor-video\"><\/div>\t\t<\/div>\n\t\t\t\t\t\t<\/div>\n\t\t\t\t<\/div>\n\t\t\t\t\t<\/div>\n\t\t<\/div>\n\t\t\t\t\t<\/div>\n\t\t<\/section>\n\t\t\t\t<section class=\"elementor-section elementor-top-section elementor-element elementor-element-469d571 elementor-section-boxed elementor-section-height-default elementor-section-height-default\" data-id=\"469d571\" data-element_type=\"section\" data-e-type=\"section\">\n\t\t\t\t\t\t<div class=\"elementor-container elementor-column-gap-default\">\n\t\t\t\t\t<div class=\"elementor-column elementor-col-100 elementor-top-column elementor-element elementor-element-dc48945\" data-id=\"dc48945\" data-element_type=\"column\" data-e-type=\"column\">\n\t\t\t<div class=\"elementor-widget-wrap elementor-element-populated\">\n\t\t\t\t\t\t<div class=\"elementor-element elementor-element-f4ca70d elementor-align-center elementor-widget elementor-widget-button\" data-id=\"f4ca70d\" data-element_type=\"widget\" data-e-type=\"widget\" data-widget_type=\"button.default\">\n\t\t\t\t<div class=\"elementor-widget-container\">\n\t\t\t\t\t\t\t\t\t<div class=\"elementor-button-wrapper\">\n\t\t\t\t\t<a class=\"elementor-button elementor-button-link elementor-size-sm\" href=\"#topo\">\n\t\t\t\t\t\t<span class=\"elementor-button-content-wrapper\">\n\t\t\t\t\t\t\t\t\t<span class=\"elementor-button-text\">voltar ao topo<\/span>\n\t\t\t\t\t<\/span>\n\t\t\t\t\t<\/a>\n\t\t\t\t<\/div>\n\t\t\t\t\t\t\t\t<\/div>\n\t\t\t\t<\/div>\n\t\t\t\t\t<\/div>\n\t\t<\/div>\n\t\t\t\t\t<\/div>\n\t\t<\/section>\n\t\t\t\t<\/div>\n\t\t","protected":false},"excerpt":{"rendered":"<p>sobre artes originais e prints Seja bem-vindo,\u00c9 uma alegria v\u00ea-lo(a) por aqui! PRINTS \/ FINE ART A\u00a0Impress\u00e3o \u201cFine Art\u201d\u00a0\u00e9 o processo de transferir fotografias de pinturas ou arte digitais para pap\u00e9is e outras m\u00eddias de alt\u00edssima qualidade. Esse processo, mundialmente reconhecido, requer um gerenciamento rigoroso dos equipamentos e dos insumos utilizados, al\u00e9m de aten\u00e7\u00e3o de [&hellip;]<\/p>\n","protected":false},"author":1,"featured_media":0,"parent":0,"menu_order":0,"comment_status":"closed","ping_status":"closed","template":"elementor_header_footer","meta":{"footnotes":""},"class_list":["post-13815","page","type-page","status-publish","hentry"],"_links":{"self":[{"href":"https:\/\/danielbota.com.br\/portfolio\/wp-json\/wp\/v2\/pages\/13815","targetHints":{"allow":["GET"]}}],"collection":[{"href":"https:\/\/danielbota.com.br\/portfolio\/wp-json\/wp\/v2\/pages"}],"about":[{"href":"https:\/\/danielbota.com.br\/portfolio\/wp-json\/wp\/v2\/types\/page"}],"author":[{"embeddable":true,"href":"https:\/\/danielbota.com.br\/portfolio\/wp-json\/wp\/v2\/users\/1"}],"replies":[{"embeddable":true,"href":"https:\/\/danielbota.com.br\/portfolio\/wp-json\/wp\/v2\/comments?post=13815"}],"version-history":[{"count":168,"href":"https:\/\/danielbota.com.br\/portfolio\/wp-json\/wp\/v2\/pages\/13815\/revisions"}],"predecessor-version":[{"id":17415,"href":"https:\/\/danielbota.com.br\/portfolio\/wp-json\/wp\/v2\/pages\/13815\/revisions\/17415"}],"wp:attachment":[{"href":"https:\/\/danielbota.com.br\/portfolio\/wp-json\/wp\/v2\/media?parent=13815"}],"curies":[{"name":"wp","href":"https:\/\/api.w.org\/{rel}","templated":true}]}}