{"id":13793,"date":"2023-07-21T21:19:16","date_gmt":"2023-07-21T21:19:16","guid":{"rendered":"https:\/\/danielbota.com.br\/portfolio\/?page_id=13793"},"modified":"2023-12-05T12:10:39","modified_gmt":"2023-12-05T12:10:39","slug":"politica-entrega","status":"publish","type":"page","link":"https:\/\/danielbota.com.br\/portfolio\/politica-entrega\/","title":{"rendered":"Pol\u00edtica de Entrega"},"content":{"rendered":"\t\t<div data-elementor-type=\"wp-page\" data-elementor-id=\"13793\" class=\"elementor elementor-13793\" data-elementor-post-type=\"page\">\n\t\t\t\t\t\t<section class=\"elementor-section elementor-top-section elementor-element elementor-element-362c33d2 elementor-section-boxed elementor-section-height-default elementor-section-height-default\" data-id=\"362c33d2\" data-element_type=\"section\" data-e-type=\"section\">\n\t\t\t\t\t\t<div class=\"elementor-container elementor-column-gap-default\">\n\t\t\t\t\t<div class=\"elementor-column elementor-col-100 elementor-top-column elementor-element elementor-element-1e234226\" data-id=\"1e234226\" data-element_type=\"column\" data-e-type=\"column\">\n\t\t\t<div class=\"elementor-widget-wrap elementor-element-populated\">\n\t\t\t\t\t\t<div class=\"elementor-element elementor-element-0f74b55 elementor-widget elementor-widget-spacer\" data-id=\"0f74b55\" data-element_type=\"widget\" data-e-type=\"widget\" data-widget_type=\"spacer.default\">\n\t\t\t\t<div class=\"elementor-widget-container\">\n\t\t\t\t\t\t\t<div class=\"elementor-spacer\">\n\t\t\t<div class=\"elementor-spacer-inner\"><\/div>\n\t\t<\/div>\n\t\t\t\t\t\t<\/div>\n\t\t\t\t<\/div>\n\t\t\t\t<div class=\"elementor-element elementor-element-f5c8434 elementor-widget elementor-widget-heading\" data-id=\"f5c8434\" data-element_type=\"widget\" data-e-type=\"widget\" data-widget_type=\"heading.default\">\n\t\t\t\t<div class=\"elementor-widget-container\">\n\t\t\t\t\t<h1 class=\"elementor-heading-title elementor-size-default\"><b>Pol\u00edtica de Entrega<\/h1>\t\t\t\t<\/div>\n\t\t\t\t<\/div>\n\t\t\t\t<div class=\"elementor-element elementor-element-7b0144b elementor-widget elementor-widget-text-editor\" data-id=\"7b0144b\" data-element_type=\"widget\" data-e-type=\"widget\" data-widget_type=\"text-editor.default\">\n\t\t\t\t<div class=\"elementor-widget-container\">\n\t\t\t\t\t\t\t\t\t<p><span style=\"background-color: var(--nv-site-bg); color: var( --e-global-color-text ); letter-spacing: var(--bodyletterspacing); text-transform: var(--bodytexttransform);\">Seja bem-vindo,<br \/><\/span><span style=\"background-color: var(--nv-site-bg); color: var( --e-global-color-text ); letter-spacing: var(--bodyletterspacing); text-transform: var(--bodytexttransform);\">\u00c9 uma alegria v\u00ea-lo(a) por aqui!<\/span><\/p><p><span style=\"background-color: var(--nv-site-bg); color: var( --e-global-color-text ); letter-spacing: var(--bodyletterspacing); text-transform: var(--bodytexttransform);\">O prazo para a entrega das artes poder\u00e1 variar de acordo com a localidade do destinat\u00e1rio.\u00a0<\/span><span style=\"color: var( --e-global-color-text ); background-color: var(--nv-site-bg); letter-spacing: var(--bodyletterspacing); text-transform: var(--bodytexttransform);\"><b>Estipulamos uma m\u00e9dia de 05 a 20 dias \u00fateis ap\u00f3s confirma\u00e7\u00e3o do pagamento<\/b>,\u00a0e\u00a0<\/span><span style=\"color: var( --e-global-color-text ); background-color: var(--nv-site-bg); letter-spacing: var(--bodyletterspacing); text-transform: var(--bodytexttransform);\">em seguida, fazemos o envio.\u00a0<\/span><span style=\"color: var( --e-global-color-text ); background-color: var(--nv-site-bg); letter-spacing: var(--bodyletterspacing); text-transform: var(--bodytexttransform);\">Enviaremos para voc\u00ea o c\u00f3digo de rastreamento ap\u00f3s a postagem nas transportadoras.\u00a0<\/span><span style=\"background-color: var(--nv-site-bg); color: var( --e-global-color-text ); letter-spacing: var(--bodyletterspacing); text-transform: var(--bodytexttransform);\">Logo, o tempo que leva para chegar at\u00e9 voc\u00ea, \u00e9 a soma dos dias de produ\u00e7\u00e3o + o prazo de entrega da transportadora, que depender\u00e1 do seu CEP.\u00a0<\/span><\/p><div><p><b>EMBALAGEM<\/b><\/p><p>Todas as obras da <b>Galeria de Arte Daniel Bota<\/b>\u00a0<span style=\"color: var( --e-global-color-text ); background-color: var(--nv-site-bg); letter-spacing: var(--bodyletterspacing); text-transform: var(--bodytexttransform);\">s\u00e3o embaladas,\u00a0<\/span><span style=\"color: var( --e-global-color-text ); background-color: var(--nv-site-bg); letter-spacing: var(--bodyletterspacing); text-transform: var(--bodytexttransform);\">protegidas e empacotadas<\/span><span style=\"color: var( --e-global-color-text ); letter-spacing: var(--bodyletterspacing); text-transform: var(--bodytexttransform); background-color: var(--nv-site-bg);\">\u00a0de forma adequada\u00a0<\/span><span style=\"color: var( --e-global-color-text ); letter-spacing: var(--bodyletterspacing); text-transform: var(--bodytexttransform); background-color: var(--nv-site-bg);\">para garantir que elas cheguem intactas em suas m\u00e3os. As\u00a0<\/span><span style=\"color: var( --e-global-color-text ); letter-spacing: var(--bodyletterspacing); text-transform: var(--bodytexttransform); background-color: var(--nv-site-bg);\"><span style=\"font-weight: bold;\">Impress\u00f5es\u00a0<\/span><\/span><span style=\"color: var( --e-global-color-text ); letter-spacing: var(--bodyletterspacing); text-transform: var(--bodytexttransform); background-color: var(--nv-site-bg);\"><span style=\"font-weight: bold;\">FINE ART<\/span><\/span><span style=\"color: var( --e-global-color-text ); letter-spacing: var(--bodyletterspacing); text-transform: var(--bodytexttransform); background-color: var(--nv-site-bg);\">, geralmente v\u00e3o enroladas em tubos, mas tamb\u00e9m podem ser enviadas em pastas ou caixas. No caso das telas, elas podem ser enviadas no chassi de madeira, conforme acordado com o cliente.<\/span><\/p><\/div>\t\t\t\t\t\t\t\t<\/div>\n\t\t\t\t<\/div>\n\t\t\t\t<section class=\"elementor-section elementor-inner-section elementor-element elementor-element-a1859d4 elementor-section-boxed elementor-section-height-default elementor-section-height-default\" data-id=\"a1859d4\" data-element_type=\"section\" data-e-type=\"section\">\n\t\t\t\t\t\t<div class=\"elementor-container elementor-column-gap-default\">\n\t\t\t\t\t<div class=\"elementor-column elementor-col-50 elementor-inner-column elementor-element elementor-element-0b958ee\" data-id=\"0b958ee\" data-element_type=\"column\" data-e-type=\"column\">\n\t\t\t<div class=\"elementor-widget-wrap elementor-element-populated\">\n\t\t\t\t\t\t<div class=\"elementor-element elementor-element-5f82be2 elementor-widget elementor-widget-image\" data-id=\"5f82be2\" data-element_type=\"widget\" data-e-type=\"widget\" data-widget_type=\"image.default\">\n\t\t\t\t<div class=\"elementor-widget-container\">\n\t\t\t\t\t\t\t\t\t\t\t\t\t\t\t<img fetchpriority=\"high\" decoding=\"async\" width=\"700\" height=\"973\" src=\"https:\/\/danielbota.com.br\/portfolio\/wp-content\/uploads\/2023\/07\/daniel-bota-shop.jpg\" class=\"attachment-large size-large wp-image-14002\" alt=\"\" srcset=\"https:\/\/danielbota.com.br\/portfolio\/wp-content\/uploads\/2023\/07\/daniel-bota-shop.jpg 700w, https:\/\/danielbota.com.br\/portfolio\/wp-content\/uploads\/2023\/07\/daniel-bota-shop-216x300.jpg 216w, https:\/\/danielbota.com.br\/portfolio\/wp-content\/uploads\/2023\/07\/daniel-bota-shop-600x834.jpg 600w, https:\/\/danielbota.com.br\/portfolio\/wp-content\/uploads\/2023\/07\/daniel-bota-shop-64x89.jpg 64w\" sizes=\"(max-width: 700px) 100vw, 700px\" \/>\t\t\t\t\t\t\t\t\t\t\t\t\t\t\t<\/div>\n\t\t\t\t<\/div>\n\t\t\t\t\t<\/div>\n\t\t<\/div>\n\t\t\t\t<div class=\"elementor-column elementor-col-50 elementor-inner-column elementor-element elementor-element-742e256\" data-id=\"742e256\" data-element_type=\"column\" data-e-type=\"column\">\n\t\t\t<div class=\"elementor-widget-wrap elementor-element-populated\">\n\t\t\t\t\t\t<div class=\"elementor-element elementor-element-440f73b elementor-widget elementor-widget-image\" data-id=\"440f73b\" data-element_type=\"widget\" data-e-type=\"widget\" data-widget_type=\"image.default\">\n\t\t\t\t<div class=\"elementor-widget-container\">\n\t\t\t\t\t\t\t\t\t\t\t\t\t\t\t<img decoding=\"async\" width=\"800\" height=\"450\" src=\"https:\/\/danielbota.com.br\/portfolio\/wp-content\/uploads\/2023\/07\/daniel-bota-shop-2.jpg\" class=\"attachment-large size-large wp-image-14001\" alt=\"\" srcset=\"https:\/\/danielbota.com.br\/portfolio\/wp-content\/uploads\/2023\/07\/daniel-bota-shop-2.jpg 1000w, https:\/\/danielbota.com.br\/portfolio\/wp-content\/uploads\/2023\/07\/daniel-bota-shop-2-300x169.jpg 300w, https:\/\/danielbota.com.br\/portfolio\/wp-content\/uploads\/2023\/07\/daniel-bota-shop-2-768x432.jpg 768w, https:\/\/danielbota.com.br\/portfolio\/wp-content\/uploads\/2023\/07\/daniel-bota-shop-2-600x338.jpg 600w, https:\/\/danielbota.com.br\/portfolio\/wp-content\/uploads\/2023\/07\/daniel-bota-shop-2-64x36.jpg 64w\" sizes=\"(max-width: 800px) 100vw, 800px\" \/>\t\t\t\t\t\t\t\t\t\t\t\t\t\t\t<\/div>\n\t\t\t\t<\/div>\n\t\t\t\t\t<\/div>\n\t\t<\/div>\n\t\t\t\t\t<\/div>\n\t\t<\/section>\n\t\t\t\t<div class=\"elementor-element elementor-element-4892a02 elementor-widget elementor-widget-spacer\" data-id=\"4892a02\" data-element_type=\"widget\" data-e-type=\"widget\" data-widget_type=\"spacer.default\">\n\t\t\t\t<div class=\"elementor-widget-container\">\n\t\t\t\t\t\t\t<div class=\"elementor-spacer\">\n\t\t\t<div class=\"elementor-spacer-inner\"><\/div>\n\t\t<\/div>\n\t\t\t\t\t\t<\/div>\n\t\t\t\t<\/div>\n\t\t\t\t\t<\/div>\n\t\t<\/div>\n\t\t\t\t\t<\/div>\n\t\t<\/section>\n\t\t\t\t<section class=\"elementor-section elementor-top-section elementor-element elementor-element-261068c elementor-section-boxed elementor-section-height-default elementor-section-height-default\" data-id=\"261068c\" data-element_type=\"section\" data-e-type=\"section\">\n\t\t\t\t\t\t<div class=\"elementor-container elementor-column-gap-default\">\n\t\t\t\t\t<div class=\"elementor-column elementor-col-100 elementor-top-column elementor-element elementor-element-c80e51a\" data-id=\"c80e51a\" data-element_type=\"column\" data-e-type=\"column\">\n\t\t\t<div class=\"elementor-widget-wrap elementor-element-populated\">\n\t\t\t\t\t\t<div class=\"elementor-element elementor-element-ea081a0 elementor-align-center elementor-widget elementor-widget-button\" data-id=\"ea081a0\" data-element_type=\"widget\" data-e-type=\"widget\" data-widget_type=\"button.default\">\n\t\t\t\t<div class=\"elementor-widget-container\">\n\t\t\t\t\t\t\t\t\t<div class=\"elementor-button-wrapper\">\n\t\t\t\t\t<a class=\"elementor-button elementor-button-link elementor-size-sm\" href=\"#topo\">\n\t\t\t\t\t\t<span class=\"elementor-button-content-wrapper\">\n\t\t\t\t\t\t\t\t\t<span class=\"elementor-button-text\">voltar ao topo<\/span>\n\t\t\t\t\t<\/span>\n\t\t\t\t\t<\/a>\n\t\t\t\t<\/div>\n\t\t\t\t\t\t\t\t<\/div>\n\t\t\t\t<\/div>\n\t\t\t\t<div class=\"elementor-element elementor-element-b4d5052 elementor-widget elementor-widget-spacer\" data-id=\"b4d5052\" data-element_type=\"widget\" data-e-type=\"widget\" data-widget_type=\"spacer.default\">\n\t\t\t\t<div class=\"elementor-widget-container\">\n\t\t\t\t\t\t\t<div class=\"elementor-spacer\">\n\t\t\t<div class=\"elementor-spacer-inner\"><\/div>\n\t\t<\/div>\n\t\t\t\t\t\t<\/div>\n\t\t\t\t<\/div>\n\t\t\t\t\t<\/div>\n\t\t<\/div>\n\t\t\t\t\t<\/div>\n\t\t<\/section>\n\t\t\t\t<\/div>\n\t\t","protected":false},"excerpt":{"rendered":"<p>Pol\u00edtica de Entrega Seja bem-vindo,\u00c9 uma alegria v\u00ea-lo(a) por aqui! O prazo para a entrega das artes poder\u00e1 variar de acordo com a localidade do destinat\u00e1rio.\u00a0Estipulamos uma m\u00e9dia de 05 a 20 dias \u00fateis ap\u00f3s confirma\u00e7\u00e3o do pagamento,\u00a0e\u00a0em seguida, fazemos o envio.\u00a0Enviaremos para voc\u00ea o c\u00f3digo de rastreamento ap\u00f3s a postagem nas transportadoras.\u00a0Logo, o tempo [&hellip;]<\/p>\n","protected":false},"author":1,"featured_media":0,"parent":0,"menu_order":0,"comment_status":"closed","ping_status":"closed","template":"elementor_header_footer","meta":{"footnotes":""},"class_list":["post-13793","page","type-page","status-publish","hentry"],"_links":{"self":[{"href":"https:\/\/danielbota.com.br\/portfolio\/wp-json\/wp\/v2\/pages\/13793","targetHints":{"allow":["GET"]}}],"collection":[{"href":"https:\/\/danielbota.com.br\/portfolio\/wp-json\/wp\/v2\/pages"}],"about":[{"href":"https:\/\/danielbota.com.br\/portfolio\/wp-json\/wp\/v2\/types\/page"}],"author":[{"embeddable":true,"href":"https:\/\/danielbota.com.br\/portfolio\/wp-json\/wp\/v2\/users\/1"}],"replies":[{"embeddable":true,"href":"https:\/\/danielbota.com.br\/portfolio\/wp-json\/wp\/v2\/comments?post=13793"}],"version-history":[{"count":136,"href":"https:\/\/danielbota.com.br\/portfolio\/wp-json\/wp\/v2\/pages\/13793\/revisions"}],"predecessor-version":[{"id":17418,"href":"https:\/\/danielbota.com.br\/portfolio\/wp-json\/wp\/v2\/pages\/13793\/revisions\/17418"}],"wp:attachment":[{"href":"https:\/\/danielbota.com.br\/portfolio\/wp-json\/wp\/v2\/media?parent=13793"}],"curies":[{"name":"wp","href":"https:\/\/api.w.org\/{rel}","templated":true}]}}