{"id":13788,"date":"2023-07-21T21:16:00","date_gmt":"2023-07-21T21:16:00","guid":{"rendered":"https:\/\/danielbota.com.br\/portfolio\/?page_id=13788"},"modified":"2023-08-25T20:30:22","modified_gmt":"2023-08-25T20:30:22","slug":"politica-privacidade","status":"publish","type":"page","link":"https:\/\/danielbota.com.br\/portfolio\/politica-privacidade\/","title":{"rendered":"Pol\u00edtica de Privacidade"},"content":{"rendered":"\t\t<div data-elementor-type=\"wp-page\" data-elementor-id=\"13788\" class=\"elementor elementor-13788\" data-elementor-post-type=\"page\">\n\t\t\t\t\t\t<section class=\"elementor-section elementor-top-section elementor-element elementor-element-362c33d2 elementor-section-boxed elementor-section-height-default elementor-section-height-default\" data-id=\"362c33d2\" data-element_type=\"section\" data-e-type=\"section\">\n\t\t\t\t\t\t<div class=\"elementor-container elementor-column-gap-default\">\n\t\t\t\t\t<div class=\"elementor-column elementor-col-100 elementor-top-column elementor-element elementor-element-1e234226\" data-id=\"1e234226\" data-element_type=\"column\" data-e-type=\"column\">\n\t\t\t<div class=\"elementor-widget-wrap elementor-element-populated\">\n\t\t\t\t\t\t<div class=\"elementor-element elementor-element-0f74b55 elementor-widget elementor-widget-spacer\" data-id=\"0f74b55\" data-element_type=\"widget\" data-e-type=\"widget\" data-widget_type=\"spacer.default\">\n\t\t\t\t<div class=\"elementor-widget-container\">\n\t\t\t\t\t\t\t<div class=\"elementor-spacer\">\n\t\t\t<div class=\"elementor-spacer-inner\"><\/div>\n\t\t<\/div>\n\t\t\t\t\t\t<\/div>\n\t\t\t\t<\/div>\n\t\t\t\t<div class=\"elementor-element elementor-element-f5c8434 elementor-widget elementor-widget-heading\" data-id=\"f5c8434\" data-element_type=\"widget\" data-e-type=\"widget\" data-widget_type=\"heading.default\">\n\t\t\t\t<div class=\"elementor-widget-container\">\n\t\t\t\t\t<h1 class=\"elementor-heading-title elementor-size-default\"><b>Pol\u00edtica de Privacidade<\/h1>\t\t\t\t<\/div>\n\t\t\t\t<\/div>\n\t\t\t\t<div class=\"elementor-element elementor-element-a262319 elementor-widget elementor-widget-text-editor\" data-id=\"a262319\" data-element_type=\"widget\" data-e-type=\"widget\" data-widget_type=\"text-editor.default\">\n\t\t\t\t<div class=\"elementor-widget-container\">\n\t\t\t\t\t\t\t\t\t<p>Seja bem-vindo,<br><span style=\"color: var( --e-global-color-text ); background-color: var(--nv-site-bg); letter-spacing: var(--bodyletterspacing); text-transform: var(--bodytexttransform);\">\u00c9 uma alegria v\u00ea-lo(a) por aqui!<\/span><\/p>\n<p>A garantia da confidencialidade dos dados pessoais dos utilizadores do nosso site \u00e9 importante para a <b>Galeria de Arte Daniel Bota<\/b>.&nbsp;<span style=\"background-color: var(--nv-site-bg); color: var( --e-global-color-text ); letter-spacing: var(--bodyletterspacing); text-transform: var(--bodytexttransform);\">As informa\u00e7\u00f5es fornecidas por voc\u00ea, s\u00e3o usadas \u00fanica e exclusivamente para o procedimento de compra.&nbsp;<\/span><span style=\"background-color: var(--nv-site-bg); color: var( --e-global-color-text ); letter-spacing: var(--bodyletterspacing); text-transform: var(--bodytexttransform);\">Seu e-mail e telefone ser\u00e3o usados por n\u00f3s, apenas, se houver necessidade de algum contato. Em hip\u00f3tese nenhuma esses dados ser\u00e3o repassados para terceiros.<\/span><\/p>\n<p><span style=\"color: var( --e-global-color-text ); letter-spacing: var(--bodyletterspacing); text-transform: var(--bodytexttransform); background-color: var(--nv-site-bg);\">Trabalhamos com pagamentos atrav\u00e9s de empresas parceiras, que verifica a transa\u00e7\u00e3o on-line e retorna apenas se a compra est\u00e1 liberada ou n\u00e3o. Os n\u00fameros de cart\u00f5es de cr\u00e9dito fornecidos s\u00e3o registrados diretamente no banco de dados deles. A&nbsp;<\/span><b style=\"color: var( --e-global-color-text ); background-color: var(--nv-site-bg); letter-spacing: var(--bodyletterspacing); text-transform: var(--bodytexttransform);\">Galeria de Arte Daniel Bota<\/b><span style=\"color: var( --e-global-color-text ); letter-spacing: var(--bodyletterspacing); text-transform: var(--bodytexttransform); background-color: var(--nv-site-bg);\">&nbsp;n\u00e3o tem acesso a esses dados. Toda a transa\u00e7\u00e3o \u00e9 realizada em ambiente seguro. Voc\u00ea tem a garantia do produto entregue ou o dinheiro de volta.<\/span><\/p>\n<p><span style=\"background-color: var(--nv-site-bg);\">Todas as informa\u00e7\u00f5es pessoais relativas a membros, clientes ou visitantes ser\u00e3o tratadas em concord\u00e2ncia com a Lei da Prote\u00e7\u00e3o de Dados Pessoais (Lei n\u00ba 13.709\/2018).<br><\/span><\/p>\n<p><span style=\"color: var( --e-global-color-text ); letter-spacing: var(--bodyletterspacing); text-transform: var(--bodytexttransform); background-color: var(--nv-site-bg);\">Qualquer d\u00favida estamos a disposi\u00e7\u00e3o.<br><\/span><span style=\"color: var( --e-global-color-text ); letter-spacing: var(--bodyletterspacing); text-transform: var(--bodytexttransform); background-color: var(--nv-site-bg);\">Obrigado por visitar o site!<\/span><span style=\"background-color: var(--nv-site-bg); color: var( --e-global-color-text ); letter-spacing: var(--bodyletterspacing); text-transform: var(--bodytexttransform);\"><br><\/span><\/p>\t\t\t\t\t\t\t\t<\/div>\n\t\t\t\t<\/div>\n\t\t\t\t\t<\/div>\n\t\t<\/div>\n\t\t\t\t\t<\/div>\n\t\t<\/section>\n\t\t\t\t<section class=\"elementor-section elementor-top-section elementor-element elementor-element-deee2c8 elementor-section-boxed elementor-section-height-default elementor-section-height-default\" data-id=\"deee2c8\" data-element_type=\"section\" data-e-type=\"section\">\n\t\t\t\t\t\t<div class=\"elementor-container elementor-column-gap-default\">\n\t\t\t\t\t<div class=\"elementor-column elementor-col-100 elementor-top-column elementor-element elementor-element-99e669f\" data-id=\"99e669f\" data-element_type=\"column\" data-e-type=\"column\">\n\t\t\t<div class=\"elementor-widget-wrap elementor-element-populated\">\n\t\t\t\t\t\t<div class=\"elementor-element elementor-element-8de18d9 elementor-align-center elementor-widget elementor-widget-button\" data-id=\"8de18d9\" data-element_type=\"widget\" data-e-type=\"widget\" data-widget_type=\"button.default\">\n\t\t\t\t<div class=\"elementor-widget-container\">\n\t\t\t\t\t\t\t\t\t<div class=\"elementor-button-wrapper\">\n\t\t\t\t\t<a class=\"elementor-button elementor-button-link elementor-size-sm\" href=\"#topo\">\n\t\t\t\t\t\t<span class=\"elementor-button-content-wrapper\">\n\t\t\t\t\t\t\t\t\t<span class=\"elementor-button-text\">voltar ao topo<\/span>\n\t\t\t\t\t<\/span>\n\t\t\t\t\t<\/a>\n\t\t\t\t<\/div>\n\t\t\t\t\t\t\t\t<\/div>\n\t\t\t\t<\/div>\n\t\t\t\t<div class=\"elementor-element elementor-element-4ee004b elementor-widget elementor-widget-spacer\" data-id=\"4ee004b\" data-element_type=\"widget\" data-e-type=\"widget\" data-widget_type=\"spacer.default\">\n\t\t\t\t<div class=\"elementor-widget-container\">\n\t\t\t\t\t\t\t<div class=\"elementor-spacer\">\n\t\t\t<div class=\"elementor-spacer-inner\"><\/div>\n\t\t<\/div>\n\t\t\t\t\t\t<\/div>\n\t\t\t\t<\/div>\n\t\t\t\t\t<\/div>\n\t\t<\/div>\n\t\t\t\t\t<\/div>\n\t\t<\/section>\n\t\t\t\t<\/div>\n\t\t","protected":false},"excerpt":{"rendered":"<p>Pol\u00edtica de Privacidade Seja bem-vindo,\u00c9 uma alegria v\u00ea-lo(a) por aqui! A garantia da confidencialidade dos dados pessoais dos utilizadores do nosso site \u00e9 importante para a Galeria de Arte Daniel Bota.&nbsp;As informa\u00e7\u00f5es fornecidas por voc\u00ea, s\u00e3o usadas \u00fanica e exclusivamente para o procedimento de compra.&nbsp;Seu e-mail e telefone ser\u00e3o usados por n\u00f3s, apenas, se houver [&hellip;]<\/p>\n","protected":false},"author":1,"featured_media":0,"parent":0,"menu_order":0,"comment_status":"closed","ping_status":"closed","template":"elementor_header_footer","meta":{"footnotes":""},"class_list":["post-13788","page","type-page","status-publish","hentry"],"_links":{"self":[{"href":"https:\/\/danielbota.com.br\/portfolio\/wp-json\/wp\/v2\/pages\/13788","targetHints":{"allow":["GET"]}}],"collection":[{"href":"https:\/\/danielbota.com.br\/portfolio\/wp-json\/wp\/v2\/pages"}],"about":[{"href":"https:\/\/danielbota.com.br\/portfolio\/wp-json\/wp\/v2\/types\/page"}],"author":[{"embeddable":true,"href":"https:\/\/danielbota.com.br\/portfolio\/wp-json\/wp\/v2\/users\/1"}],"replies":[{"embeddable":true,"href":"https:\/\/danielbota.com.br\/portfolio\/wp-json\/wp\/v2\/comments?post=13788"}],"version-history":[{"count":55,"href":"https:\/\/danielbota.com.br\/portfolio\/wp-json\/wp\/v2\/pages\/13788\/revisions"}],"predecessor-version":[{"id":15487,"href":"https:\/\/danielbota.com.br\/portfolio\/wp-json\/wp\/v2\/pages\/13788\/revisions\/15487"}],"wp:attachment":[{"href":"https:\/\/danielbota.com.br\/portfolio\/wp-json\/wp\/v2\/media?parent=13788"}],"curies":[{"name":"wp","href":"https:\/\/api.w.org\/{rel}","templated":true}]}}