{"id":107,"date":"2023-02-03T21:46:33","date_gmt":"2023-02-03T21:46:33","guid":{"rendered":"https:\/\/danielbota.com.br\/portfolio\/?page_id=107"},"modified":"2023-11-30T21:55:52","modified_gmt":"2023-11-30T21:55:52","slug":"politica-reembolso-devolucoes","status":"publish","type":"page","link":"https:\/\/danielbota.com.br\/portfolio\/politica-reembolso-devolucoes\/","title":{"rendered":"Pol\u00edtica de Reembolso e Devolu\u00e7\u00f5es"},"content":{"rendered":"\t\t<div data-elementor-type=\"wp-page\" data-elementor-id=\"107\" class=\"elementor elementor-107\" data-elementor-post-type=\"page\">\n\t\t\t\t\t\t<section class=\"elementor-section elementor-top-section elementor-element elementor-element-362c33d2 elementor-section-boxed elementor-section-height-default elementor-section-height-default\" data-id=\"362c33d2\" data-element_type=\"section\" data-e-type=\"section\">\n\t\t\t\t\t\t<div class=\"elementor-container elementor-column-gap-default\">\n\t\t\t\t\t<div class=\"elementor-column elementor-col-100 elementor-top-column elementor-element elementor-element-1e234226\" data-id=\"1e234226\" data-element_type=\"column\" data-e-type=\"column\">\n\t\t\t<div class=\"elementor-widget-wrap elementor-element-populated\">\n\t\t\t\t\t\t<div class=\"elementor-element elementor-element-0f74b55 elementor-widget elementor-widget-spacer\" data-id=\"0f74b55\" data-element_type=\"widget\" data-e-type=\"widget\" data-widget_type=\"spacer.default\">\n\t\t\t\t<div class=\"elementor-widget-container\">\n\t\t\t\t\t\t\t<div class=\"elementor-spacer\">\n\t\t\t<div class=\"elementor-spacer-inner\"><\/div>\n\t\t<\/div>\n\t\t\t\t\t\t<\/div>\n\t\t\t\t<\/div>\n\t\t\t\t<div class=\"elementor-element elementor-element-f5c8434 elementor-widget elementor-widget-heading\" data-id=\"f5c8434\" data-element_type=\"widget\" data-e-type=\"widget\" data-widget_type=\"heading.default\">\n\t\t\t\t<div class=\"elementor-widget-container\">\n\t\t\t\t\t<h1 class=\"elementor-heading-title elementor-size-default\"><b>Pol\u00edtica de reembolso e devolu\u00e7\u00f5es<\/b><\/h1>\t\t\t\t<\/div>\n\t\t\t\t<\/div>\n\t\t\t\t<div class=\"elementor-element elementor-element-a262319 elementor-widget elementor-widget-text-editor\" data-id=\"a262319\" data-element_type=\"widget\" data-e-type=\"widget\" data-widget_type=\"text-editor.default\">\n\t\t\t\t<div class=\"elementor-widget-container\">\n\t\t\t\t\t\t\t\t\t<p>Seja bem-vindo,<br \/><span style=\"color: var( --e-global-color-text ); letter-spacing: var(--bodyletterspacing); text-transform: var(--bodytexttransform); background-color: var(--nv-site-bg);\">\u00c9 uma alegria v\u00ea-lo(a) por aqui!<\/span><\/p><p><span style=\"color: var( --e-global-color-text ); background-color: var(--nv-site-bg); letter-spacing: var(--bodyletterspacing); text-transform: var(--bodytexttransform);\">Para\u00a0<\/span>solicitar a troca ou a devolu\u00e7\u00e3o de alguma compra, voc\u00ea deve fazer,<span style=\"color: var( --e-global-color-text ); background-color: var(--nv-site-bg); letter-spacing: var(--bodyletterspacing); text-transform: var(--bodytexttransform);\">\u00a0exclusivamente por e-mail, escrevendo para: <b>contato@danielbota.com.br<\/b><\/span><\/p><p><span style=\"color: var( --e-global-color-text ); background-color: var(--nv-site-bg); letter-spacing: var(--bodyletterspacing); text-transform: var(--bodytexttransform);\">Dizendo o motivo e anexando foto(s) da(s) arte(s).\u00a0<\/span><span style=\"color: var( --e-global-color-text ); background-color: var(--nv-site-bg); letter-spacing: var(--bodyletterspacing); text-transform: var(--bodytexttransform);\">O comunicado\u00a0<\/span><span style=\"color: var( --e-global-color-text ); background-color: var(--nv-site-bg); letter-spacing: var(--bodyletterspacing); text-transform: var(--bodytexttransform);\">deve ser feito em <u style=\"font-weight: bold;\">at\u00e9 sete (7) dias corridos a contar da data do recebimento<\/u><\/span><span style=\"color: var( --e-global-color-text ); background-color: var(--nv-site-bg); letter-spacing: var(--bodyletterspacing); text-transform: var(--bodytexttransform);\">.\u00a0<\/span><span style=\"background-color: var(--nv-site-bg); color: var( --e-global-color-text ); letter-spacing: var(--bodyletterspacing); text-transform: var(--bodytexttransform);\">Depois, iremos responder o seu e-mail passando todas as informa\u00e7\u00f5es necess\u00e1rias para realiza\u00e7\u00e3o da troca.<\/span><\/p><p>Voc\u00ea pode trocar por qualquer outro produto dispon\u00edvel no site de igual valor ou valor acima, mediante pagamento da diferen\u00e7a.\u00a0<span style=\"color: var( --e-global-color-text ); background-color: var(--nv-site-bg); letter-spacing: var(--bodyletterspacing); text-transform: var(--bodytexttransform);\">Em caso de desist\u00eancia da compra, o estorno do valor total pago ser\u00e1 feito assim que produto em quest\u00e3o for devolvido. O(s) produto(s) devem ser enviados embalados (na mesma embalagem que enviamos pra voc\u00ea ou em uma nova), e n\u00e3o deve haver ind\u00edcios de avarias.<\/span><\/p><p>\u00c9 imprescind\u00edvel que o endere\u00e7o de entrega cadastrado esteja correto, sem diverg\u00eancias ou erros de digita\u00e7\u00e3o. Caso o cliente informe um endere\u00e7o com o CEP, rua, bairro, n\u00famero, complemento ou nome do destinat\u00e1rio errados, o produto \u00e9 automaticamente devolvido \u00e0 n\u00f3s.<\/p><p><span style=\"color: var( --e-global-color-text ); background-color: var(--nv-site-bg); letter-spacing: var(--bodyletterspacing); text-transform: var(--bodytexttransform);\">Qualquer d\u00favida envie um e-mail para <b>contato@danielbota.com.br<\/b><\/span><\/p><div><p><span style=\"color: var( --e-global-color-text ); letter-spacing: var(--bodyletterspacing); text-transform: var(--bodytexttransform); background-color: var(--nv-site-bg);\">Obrigado por visitar o site!<br \/><\/span>Estamos \u00e0 disposi\u00e7\u00e3o.<\/p><\/div>\t\t\t\t\t\t\t\t<\/div>\n\t\t\t\t<\/div>\n\t\t\t\t\t<\/div>\n\t\t<\/div>\n\t\t\t\t\t<\/div>\n\t\t<\/section>\n\t\t\t\t<section class=\"elementor-section elementor-top-section elementor-element elementor-element-68c0cca elementor-section-boxed elementor-section-height-default elementor-section-height-default\" data-id=\"68c0cca\" data-element_type=\"section\" data-e-type=\"section\">\n\t\t\t\t\t\t<div class=\"elementor-container elementor-column-gap-default\">\n\t\t\t\t\t<div class=\"elementor-column elementor-col-100 elementor-top-column elementor-element elementor-element-08f2481\" data-id=\"08f2481\" data-element_type=\"column\" data-e-type=\"column\">\n\t\t\t<div class=\"elementor-widget-wrap elementor-element-populated\">\n\t\t\t\t\t\t<div class=\"elementor-element elementor-element-090df2d elementor-align-center elementor-widget elementor-widget-button\" data-id=\"090df2d\" data-element_type=\"widget\" data-e-type=\"widget\" data-widget_type=\"button.default\">\n\t\t\t\t<div class=\"elementor-widget-container\">\n\t\t\t\t\t\t\t\t\t<div class=\"elementor-button-wrapper\">\n\t\t\t\t\t<a class=\"elementor-button elementor-button-link elementor-size-sm\" href=\"#topo\">\n\t\t\t\t\t\t<span class=\"elementor-button-content-wrapper\">\n\t\t\t\t\t\t\t\t\t<span class=\"elementor-button-text\">voltar ao topo<\/span>\n\t\t\t\t\t<\/span>\n\t\t\t\t\t<\/a>\n\t\t\t\t<\/div>\n\t\t\t\t\t\t\t\t<\/div>\n\t\t\t\t<\/div>\n\t\t\t\t<div class=\"elementor-element elementor-element-c618e78 elementor-widget elementor-widget-spacer\" data-id=\"c618e78\" data-element_type=\"widget\" data-e-type=\"widget\" data-widget_type=\"spacer.default\">\n\t\t\t\t<div class=\"elementor-widget-container\">\n\t\t\t\t\t\t\t<div class=\"elementor-spacer\">\n\t\t\t<div class=\"elementor-spacer-inner\"><\/div>\n\t\t<\/div>\n\t\t\t\t\t\t<\/div>\n\t\t\t\t<\/div>\n\t\t\t\t\t<\/div>\n\t\t<\/div>\n\t\t\t\t\t<\/div>\n\t\t<\/section>\n\t\t\t\t<\/div>\n\t\t","protected":false},"excerpt":{"rendered":"<p>Pol\u00edtica de reembolso e devolu\u00e7\u00f5es Seja bem-vindo,\u00c9 uma alegria v\u00ea-lo(a) por aqui! Para\u00a0solicitar a troca ou a devolu\u00e7\u00e3o de alguma compra, voc\u00ea deve fazer,\u00a0exclusivamente por e-mail, escrevendo para: contato@danielbota.com.br Dizendo o motivo e anexando foto(s) da(s) arte(s).\u00a0O comunicado\u00a0deve ser feito em at\u00e9 sete (7) dias corridos a contar da data do recebimento.\u00a0Depois, iremos responder o [&hellip;]<\/p>\n","protected":false},"author":1,"featured_media":0,"parent":0,"menu_order":0,"comment_status":"closed","ping_status":"closed","template":"elementor_header_footer","meta":{"footnotes":""},"class_list":["post-107","page","type-page","status-publish","hentry"],"_links":{"self":[{"href":"https:\/\/danielbota.com.br\/portfolio\/wp-json\/wp\/v2\/pages\/107","targetHints":{"allow":["GET"]}}],"collection":[{"href":"https:\/\/danielbota.com.br\/portfolio\/wp-json\/wp\/v2\/pages"}],"about":[{"href":"https:\/\/danielbota.com.br\/portfolio\/wp-json\/wp\/v2\/types\/page"}],"author":[{"embeddable":true,"href":"https:\/\/danielbota.com.br\/portfolio\/wp-json\/wp\/v2\/users\/1"}],"replies":[{"embeddable":true,"href":"https:\/\/danielbota.com.br\/portfolio\/wp-json\/wp\/v2\/comments?post=107"}],"version-history":[{"count":139,"href":"https:\/\/danielbota.com.br\/portfolio\/wp-json\/wp\/v2\/pages\/107\/revisions"}],"predecessor-version":[{"id":17211,"href":"https:\/\/danielbota.com.br\/portfolio\/wp-json\/wp\/v2\/pages\/107\/revisions\/17211"}],"wp:attachment":[{"href":"https:\/\/danielbota.com.br\/portfolio\/wp-json\/wp\/v2\/media?parent=107"}],"curies":[{"name":"wp","href":"https:\/\/api.w.org\/{rel}","templated":true}]}}